{"id":8304,"date":"2023-08-18T08:50:44","date_gmt":"2023-08-18T05:50:44","guid":{"rendered":"https:\/\/www.spitalbicaz.ro\/?page_id=8304"},"modified":"2024-03-13T13:36:14","modified_gmt":"2024-03-13T11:36:14","slug":"regulamente-2","status":"publish","type":"page","link":"https:\/\/www.spitalbicaz.ro\/?page_id=8304","title":{"rendered":"Regulamente"},"content":{"rendered":"<p><a href=\"https:\/\/www.spitalbicaz.ro\/wp-content\/uploads\/2024\/03\/RI_SOB_FINAL_2022.pdf\">Regulamentul Intern SOB (RI SOB)<\/a><\/p>\n<p>Este un instrument de conducere care descrie structura spitalului, prezint\u0103, pe diferitele ei componente, atribu\u021bii, competente, niveluri de autoritate, responsabilit\u0103\u021bi, mecanisme de rela\u021bii.<\/p>\n<p><a href=\"https:\/\/www.spitalbicaz.ro\/wp-content\/uploads\/2024\/03\/ROF_SOB_REV_3_2022.pdf\">Regulamentul de Organizare \u0219i Func\u021bionare SOB (ROF SOB)<\/a><\/p>\n<div id=\"continutExtinsDreapta\">\n<div id=\"ProduseExpl\">\n<div id=\"ProduseDescriereContinut\">\n<div id=\"descriere\">\n<div id=\"continutExtinsDreapta\">\n<div id=\"ProduseExpl\">\n<div id=\"ProduseDescriereContinut\">\n<div id=\"descriere\"><\/div>\n<\/div>\n<\/div>\n<\/div>\n<p>Este document intern elaborat cu consultarea sindicatului \u0219i cuprinde urm\u0103toarele categorii de dispozi\u021bii:<br \/>\na) reguli privind protec\u021bia, igiena \u015fi securitatea \u00een munc\u0103 \u00een cadrul spitalului;<br \/>\nb) reguli privind respectarea principiului nediscrimin\u0103rii \u0219i al \u00eenl\u0103tur\u0103rii oric\u0103rei forme de \u00eenc\u0103lcare a demnit\u0103\u021bii;<br \/>\nc) drepturile \u015fi obliga\u021biile angajatorului \u015fi al angaja\u021bilor;<br \/>\nd) procedura de solu\u0163ionare a cererilor sau reclama\u0163iilor individuale ale salaria\u0163ilor;<br \/>\ne) reguli concrete privind disciplina muncii \u00een spital;<br \/>\nf) abaterile disciplinare \u015fi sanc\u0163iunile aplicabile;<br \/>\ng) reguli referitoare la procedura disciplinar\u0103;<br \/>\nh) modalit\u0103\u021bile de aplicare a altor dispozi\u021bii legale sau contractuale specifice;<br \/>\ni) criteriile \u0219i procedurile de evaluare profesional\u0103 a angaja\u021bilor;<\/p>\n<\/div>\n<\/div>\n<\/div>\n<\/div>\n","protected":false},"excerpt":{"rendered":"<p>Regulamentul Intern SOB (RI SOB) Este un instrument de conducere care descrie structura spitalului, prezint\u0103, pe diferitele ei componente, atribu\u021bii, competente, niveluri de autoritate, responsabilit\u0103\u021bi, mecanisme de rela\u021bii. Regulamentul de Organizare \u0219i Func\u021bionare SOB (ROF SOB) Este document intern elaborat cu consultarea sindicatului \u0219i cuprinde urm\u0103toarele categorii de dispozi\u021bii: a) reguli privind protec\u021bia, igiena \u015fi [&hellip;]<\/p>\n","protected":false},"author":1,"featured_media":0,"parent":0,"menu_order":0,"comment_status":"closed","ping_status":"closed","template":"","meta":{"_et_pb_use_builder":"off","_et_pb_old_content":"","_et_gb_content_width":"","_lmt_disableupdate":"","_lmt_disable":""},"_links":{"self":[{"href":"https:\/\/www.spitalbicaz.ro\/index.php?rest_route=\/wp\/v2\/pages\/8304"}],"collection":[{"href":"https:\/\/www.spitalbicaz.ro\/index.php?rest_route=\/wp\/v2\/pages"}],"about":[{"href":"https:\/\/www.spitalbicaz.ro\/index.php?rest_route=\/wp\/v2\/types\/page"}],"author":[{"embeddable":true,"href":"https:\/\/www.spitalbicaz.ro\/index.php?rest_route=\/wp\/v2\/users\/1"}],"replies":[{"embeddable":true,"href":"https:\/\/www.spitalbicaz.ro\/index.php?rest_route=%2Fwp%2Fv2%2Fcomments&post=8304"}],"version-history":[{"count":7,"href":"https:\/\/www.spitalbicaz.ro\/index.php?rest_route=\/wp\/v2\/pages\/8304\/revisions"}],"predecessor-version":[{"id":8490,"href":"https:\/\/www.spitalbicaz.ro\/index.php?rest_route=\/wp\/v2\/pages\/8304\/revisions\/8490"}],"wp:attachment":[{"href":"https:\/\/www.spitalbicaz.ro\/index.php?rest_route=%2Fwp%2Fv2%2Fmedia&parent=8304"}],"curies":[{"name":"wp","href":"https:\/\/api.w.org\/{rel}","templated":true}]}}