{"id":6667,"date":"2020-06-08T19:28:46","date_gmt":"2020-06-08T16:28:46","guid":{"rendered":"https:\/\/www.spitalbicaz.ro\/?page_id=6667"},"modified":"2026-03-25T15:10:44","modified_gmt":"2026-03-25T13:10:44","slug":"servicii-medicale","status":"publish","type":"page","link":"https:\/\/www.spitalbicaz.ro\/?page_id=6667","title":{"rendered":"Servicii medicale"},"content":{"rendered":"\n<h2 class=\"wp-block-heading\"><strong>Modul de accesare a serviciilor oferite de spital<\/strong><\/h2>\n\n\n\n<p><strong>Accesarea serviciilor \u00een cadrul Spitalului Or\u0103\u0219enesc \u201dSf. Ierarh Nicolae\u201d Bicaz, decontate de CJAS-NT<\/strong>&nbsp;<\/p>\n\n\n\n<p><strong>A)<\/strong>&nbsp;Pentru serviciile de&nbsp;<strong>Spitalizare Continua \u0219i de Zi<\/strong>&nbsp;sunt necesare urm\u0103toarele:<\/p>\n\n\n\n<ul>\n<li>Biletul de trimitere \u00een termen de valabilitate (formular tipizat CNAS)<\/li>\n\n\n\n<li>Cardul Na\u021bional de Asigur\u0103ri de S\u0103n\u0103tate<\/li>\n\n\n\n<li>Actul de Identitate<\/li>\n<\/ul>\n\n\n\n<p><strong>B)<\/strong>&nbsp;Pentru consulta\u021biile \u00een&nbsp;<strong>Ambulatoriu<\/strong>:<\/p>\n\n\n\n<ul>\n<li>Programare<\/li>\n\n\n\n<li>Biletul de trimitere \u00een termen de valabilitate (formular tipizat CNAS)<\/li>\n\n\n\n<li>Cardul Na\u021bional de Asigur\u0103ri de S\u0103n\u0103tate<\/li>\n\n\n\n<li>Actul de Identitate<\/li>\n<\/ul>\n\n\n\n<p><strong>Accesarea serviciilor \u00een cadrul Spitalului Or\u0103\u0219enesc \u201dSf. Ierarh Nicolae\u201d Bicaz, LA CERERE<\/strong><\/p>\n\n\n\n<p>Pentru consulta\u021biile \u00een Ambulatoriu \u0219i investiga\u021biile paraclinice:<\/p>\n\n\n\n<ul>\n<li>Dovada achit\u0103rii contravalorii serviciilor<\/li>\n\n\n\n<li>Actul de Identitate<\/li>\n<\/ul>\n\n\n\n<div class=\"wp-block-columns is-layout-flex wp-container-2\">\n<div class=\"wp-block-column is-layout-flow\">\n<div class=\"wp-block-media-text alignwide is-stacked-on-mobile\"><figure class=\"wp-block-media-text__media\"><img decoding=\"async\" loading=\"lazy\" width=\"753\" height=\"857\" src=\"https:\/\/www.spitalbicaz.ro\/wp-content\/uploads\/2026\/03\/DATE-CONTACT_II_2026.jpg\" alt=\"\" class=\"wp-image-9384 size-full\" srcset=\"https:\/\/www.spitalbicaz.ro\/wp-content\/uploads\/2026\/03\/DATE-CONTACT_II_2026.jpg 753w, https:\/\/www.spitalbicaz.ro\/wp-content\/uploads\/2026\/03\/DATE-CONTACT_II_2026-480x546.jpg 480w\" sizes=\"(min-width: 0px) and (max-width: 480px) 480px, (min-width: 481px) 753px, 100vw\" \/><\/figure><div class=\"wp-block-media-text__content\">\n<p><a href=\"https:\/\/www.spitalbicaz.ro\/?page_id=7741\">FARMACIE CU CIRCUIT \u00ceNCHIS<\/a><br><a href=\"https:\/\/www.spitalbicaz.ro\/?page_id=438\">COMPARTIMENT PRIMIRI URGEN\u021aE (CPU)<\/a><br><a href=\"https:\/\/www.spitalbicaz.ro\/?page_id=449\">MEDINIC\u0102 INTERN\u0102<\/a><br><a href=\"https:\/\/www.spitalbicaz.ro\/?page_id=449\">MEDICIN\u0102 INTERN\u0102<\/a> &#8211; <a href=\"https:\/\/www.spitalbicaz.ro\/?page_id=465\">NEUROLOGIE<\/a><br>MEDICIN\u0102 INTERN\u0102 &#8211; <a href=\"https:\/\/www.spitalbicaz.ro\/?page_id=461\">CARDIOLOGIE<\/a><br><a href=\"https:\/\/www.spitalbicaz.ro\/?page_id=444\">PEDIATRIE<\/a><br><a href=\"https:\/\/www.spitalbicaz.ro\/?page_id=453\">CHIRURGIE GENERAL\u0102<\/a><br><a href=\"https:\/\/www.spitalbicaz.ro\/?p=8549\">ORTOPEDIE-TRAUMATOLOGIE<\/a><br>OBSTETRIC\u0102-GINECOLOGIE<br><a href=\"https:\/\/www.spitalbicaz.ro\/?page_id=9332\">ORL<\/a><br><a href=\"https:\/\/www.spitalbicaz.ro\/?page_id=7245\">UROLOGIE<\/a><br><a href=\"https:\/\/www.spitalbicaz.ro\/?page_id=457\">RECUPERARE MEDICAL\u0102, MEDICIN\u0102 FIZIC\u0102 \u0218I BALNEOLOGIE<\/a><br><a href=\"https:\/\/www.spitalbicaz.ro\/?page_id=7249\">GERIATRIE-GERONTOLOGIE<\/a><br><a href=\"https:\/\/www.spitalbicaz.ro\/?page_id=7255\">\u00ceNGRIJIRI PALIATIVE<\/a><br><a href=\"https:\/\/www.spitalbicaz.ro\/?page_id=502\">RADIOLOGIE \u0218I IMAGISTIC\u0102 MEDICAL\u0102<\/a><\/p>\n<\/div><\/div>\n<\/div>\n<\/div>\n\n\n\n<p><\/p>\n","protected":false},"excerpt":{"rendered":"<p>Modul de accesare a serviciilor oferite de spital Accesarea serviciilor \u00een cadrul Spitalului Or\u0103\u0219enesc \u201dSf. Ierarh Nicolae\u201d Bicaz, decontate de CJAS-NT&nbsp; A)&nbsp;Pentru serviciile de&nbsp;Spitalizare Continua \u0219i de Zi&nbsp;sunt necesare urm\u0103toarele: B)&nbsp;Pentru consulta\u021biile \u00een&nbsp;Ambulatoriu: Accesarea serviciilor \u00een cadrul Spitalului Or\u0103\u0219enesc \u201dSf. Ierarh Nicolae\u201d Bicaz, LA CERERE Pentru consulta\u021biile \u00een Ambulatoriu \u0219i investiga\u021biile paraclinice: FARMACIE CU CIRCUIT [&hellip;]<\/p>\n","protected":false},"author":1,"featured_media":0,"parent":0,"menu_order":0,"comment_status":"closed","ping_status":"closed","template":"","meta":{"_et_pb_use_builder":"off","_et_pb_old_content":"<!-- wp:heading -->\n<h2 class=\"wp-block-heading\"><strong>Modul de accesare a serviciilor oferite de spital<\/strong><\/h2>\n<!-- \/wp:heading -->\n\n<!-- wp:paragraph -->\n<p><strong>Accesarea serviciilor \u00een cadrul Spitalului Or\u0103\u0219enesc \u201dSf. Ierarh Nicolae\u201d Bicaz, decontate de CJAS-NT<\/strong>&nbsp;<\/p>\n<!-- \/wp:paragraph -->\n\n<!-- wp:paragraph -->\n<p><strong>A)<\/strong>&nbsp;Pentru serviciile de&nbsp;<strong>Spitalizare Continua \u0219i de Zi<\/strong>&nbsp;sunt necesare urm\u0103toarele:<\/p>\n<!-- \/wp:paragraph -->\n\n<!-- wp:list -->\n<ul><!-- wp:list-item -->\n<li>Biletul de trimitere \u00een termen de valabilitate (formular tipizat CNAS)<\/li>\n<!-- \/wp:list-item -->\n\n<!-- wp:list-item -->\n<li>Cardul Na\u021bional de Asigur\u0103ri de S\u0103n\u0103tate<\/li>\n<!-- \/wp:list-item -->\n\n<!-- wp:list-item -->\n<li>Actul de Identitate<\/li>\n<!-- \/wp:list-item --><\/ul>\n<!-- \/wp:list -->\n\n<!-- wp:paragraph -->\n<p><strong>B)<\/strong>&nbsp;Pentru consulta\u021biile \u00een&nbsp;<strong>Ambulatoriu<\/strong>:<\/p>\n<!-- \/wp:paragraph -->\n\n<!-- wp:list -->\n<ul><!-- wp:list-item -->\n<li>Programare<\/li>\n<!-- \/wp:list-item -->\n\n<!-- wp:list-item -->\n<li>Biletul de trimitere \u00een termen de valabilitate (formular tipizat CNAS)<\/li>\n<!-- \/wp:list-item -->\n\n<!-- wp:list-item -->\n<li>Cardul Na\u021bional de Asigur\u0103ri de S\u0103n\u0103tate<\/li>\n<!-- \/wp:list-item -->\n\n<!-- wp:list-item -->\n<li>Actul de Identitate<\/li>\n<!-- \/wp:list-item --><\/ul>\n<!-- \/wp:list -->\n\n<!-- wp:paragraph -->\n<p><strong>Accesarea serviciilor \u00een cadrul Spitalului Or\u0103\u0219enesc \u201dSf. Ierarh Nicolae\u201d Bicaz, LA CERERE<\/strong><\/p>\n<!-- \/wp:paragraph -->\n\n<!-- wp:paragraph -->\n<p>Pentru consulta\u021biile \u00een Ambulatoriu \u0219i investiga\u021biile paraclinice:<\/p>\n<!-- \/wp:paragraph -->\n\n<!-- wp:list -->\n<ul><!-- wp:list-item -->\n<li>Dovada achit\u0103rii contravalorii serviciilor<\/li>\n<!-- \/wp:list-item -->\n\n<!-- wp:list-item -->\n<li>Actul de Identitate<\/li>\n<!-- \/wp:list-item --><\/ul>\n<!-- \/wp:list -->\n\n<!-- wp:columns -->\n<div class=\"wp-block-columns\"><!-- wp:column -->\n<div class=\"wp-block-column\"><!-- wp:media-text {\"mediaId\":8910,\"mediaLink\":\"https:\/\/www.spitalbicaz.ro\/?attachment_id=8910\",\"mediaType\":\"image\"} -->\n<div class=\"wp-block-media-text alignwide is-stacked-on-mobile\"><figure class=\"wp-block-media-text__media\"><img src=\"https:\/\/www.spitalbicaz.ro\/wp-content\/uploads\/2025\/04\/date-contact_2025-e1744998707879-955x1024.png\" alt=\"\" class=\"wp-image-8910 size-full\"\/><\/figure><div class=\"wp-block-media-text__content\"><!-- wp:paragraph {\"placeholder\":\"Con\u021binut...\"} -->\n<p><a href=\"https:\/\/www.spitalbicaz.ro\/?page_id=7741\">FARMACIE CU CIRCUIT \u00ceNCHIS<\/a><br><a href=\"https:\/\/www.spitalbicaz.ro\/?page_id=438\">COMPARTIMENT PRIMIRI URGEN\u021aE (CPU)<\/a><br><a href=\"https:\/\/www.spitalbicaz.ro\/?page_id=449\">MEDINIC\u0102 INTERN\u0102<\/a><br><a href=\"https:\/\/www.spitalbicaz.ro\/?page_id=449\">MEDICIN\u0102 INTERN\u0102<\/a> - <a href=\"https:\/\/www.spitalbicaz.ro\/?page_id=465\">NEUROLOGIE<\/a><br>MEDICIN\u0102 INTERN - <a href=\"https:\/\/www.spitalbicaz.ro\/?page_id=461\">CARDIOLOGIE<\/a><br><a href=\"https:\/\/www.spitalbicaz.ro\/?page_id=444\">PEDIATRIE<\/a><br><a href=\"https:\/\/www.spitalbicaz.ro\/?page_id=453\">CHIRURGIE GENERAL\u0102<\/a><br><a href=\"https:\/\/www.spitalbicaz.ro\/?p=8549\">ORTOPEDIE-TRAUMATOLOGIE<\/a><br>OBSTETRIC\u0102-GINECOLOGIE<br>ORL<br><a href=\"https:\/\/www.spitalbicaz.ro\/?page_id=7245\">UROLOGIE<\/a><br><a href=\"https:\/\/www.spitalbicaz.ro\/?page_id=457\">RECUPERARE MEDICAL\u0102, MEDICIN\u0102 FIZIC\u0102 \u0218I BALNEOLOGIE<\/a><br><a href=\"https:\/\/www.spitalbicaz.ro\/?page_id=7249\">GERIATRIE-GERONTOLOGIE<\/a><br><a href=\"https:\/\/www.spitalbicaz.ro\/?page_id=7255\">\u00ceNGRIJIRI PALIATIVE<\/a><br><a href=\"https:\/\/www.spitalbicaz.ro\/?page_id=502\">RADIOLOGIE \u0218I IMAGISTIC\u0102 MEDICAL\u0102<\/a><\/p>\n<!-- \/wp:paragraph --><\/div><\/div>\n<!-- \/wp:media-text --><\/div>\n<!-- \/wp:column --><\/div>\n<!-- \/wp:columns -->\n\n<!-- wp:paragraph -->\n<p><\/p>\n<!-- \/wp:paragraph -->","_et_gb_content_width":"","_lmt_disableupdate":"no","_lmt_disable":""},"_links":{"self":[{"href":"https:\/\/www.spitalbicaz.ro\/index.php?rest_route=\/wp\/v2\/pages\/6667"}],"collection":[{"href":"https:\/\/www.spitalbicaz.ro\/index.php?rest_route=\/wp\/v2\/pages"}],"about":[{"href":"https:\/\/www.spitalbicaz.ro\/index.php?rest_route=\/wp\/v2\/types\/page"}],"author":[{"embeddable":true,"href":"https:\/\/www.spitalbicaz.ro\/index.php?rest_route=\/wp\/v2\/users\/1"}],"replies":[{"embeddable":true,"href":"https:\/\/www.spitalbicaz.ro\/index.php?rest_route=%2Fwp%2Fv2%2Fcomments&post=6667"}],"version-history":[{"count":50,"href":"https:\/\/www.spitalbicaz.ro\/index.php?rest_route=\/wp\/v2\/pages\/6667\/revisions"}],"predecessor-version":[{"id":9386,"href":"https:\/\/www.spitalbicaz.ro\/index.php?rest_route=\/wp\/v2\/pages\/6667\/revisions\/9386"}],"wp:attachment":[{"href":"https:\/\/www.spitalbicaz.ro\/index.php?rest_route=%2Fwp%2Fv2%2Fmedia&parent=6667"}],"curies":[{"name":"wp","href":"https:\/\/api.w.org\/{rel}","templated":true}]}}