{"id":6447,"date":"2020-05-31T17:47:42","date_gmt":"2020-05-31T14:47:42","guid":{"rendered":"https:\/\/www.spitalbicaz.ro\/?page_id=6447"},"modified":"2020-05-31T17:47:45","modified_gmt":"2020-05-31T14:47:45","slug":"posturi-vacante-2019","status":"publish","type":"page","link":"https:\/\/www.spitalbicaz.ro\/?page_id=6447","title":{"rendered":"POSTURI VACANTE &#8211; 2019"},"content":{"rendered":"<p>Spitalul Or\u0103\u0219enesc \u201eSf.Ierarh Nicolae\u201d Bicaz organizeaz\u0103, \u00een ziua de<span style=\"color: #000000;\"><strong> 21.10.2019, ora 09:30<\/strong><\/span>, la sediul unit\u0103\u021bii, concurs pentru ocuparea de posturi vacante Biroul Managementul Calit\u0103\u021bii Serviciilor Medicale:<\/p>\n<ul>\n<li>un post de medic specialist \u00een cadrul biroului managementul calit\u0103\u021bii serviciilor medicale<\/li>\n<li>un post de asistent medical generalist cadrul biroului managementul calit\u0103\u021bii serviciilor medicale<\/li>\n<\/ul>\n<ul>\n<li><a href=\"http:\/\/spitalbicaz.ro\/wp-content\/uploads\/2019\/09\/ANUNT-concurs-pentru-ocuparea-posturilor-vacante-din-cadrul-Biroului-Managementul-Calitatii-Serviciilor-Medicale_-organizat-in-data-de-21-octombrie-2019-1-1.pdf\">ANUNT concurs pentru ocuparea posturilor vacante din cadrul Biroului Managementul Calitatii Serviciilor Medicale_ organizat in data de 21 octombrie 2019,<\/a><\/li>\n<li><a href=\"http:\/\/spitalbicaz.ro\/wp-content\/uploads\/2019\/09\/Tematica-si-bibliografia-pentru-ocuparea-postului-vacant-de-medic-specialist-la-Biroul-de-management-al-Calitatii.pdf\">Tematica si bibliografia pentru ocuparea postului vacant de medic specialist la Biroul de management al Calitatii<\/a><\/li>\n<li><a href=\"http:\/\/spitalbicaz.ro\/wp-content\/uploads\/2019\/09\/Tematica-si-bibliografia-pentru-ocuparea-postului-vacant-de-asistent-medical-in-cadrul-Biroul-de-Management-al-Calitatii.pdf\">Tematica si bibliografia pentru ocuparea postului vacant de asistent medical in cadrul Biroul de Management al Calitatii<\/a><\/li>\n<\/ul>\n<hr \/>\n<p>Spitalul Or\u0103\u0219enesc \u201eSf.Ierarh Nicolae\u201d Bicaz organizeaz\u0103, \u00een ziua de<span style=\"color: #000000;\"><strong> 16.05.2019, ora 09:30<\/strong><\/span>, la sediul unit\u0103\u021bii, concurs pentru ocuparea de posturi vacante Biroul Managementul Calit\u0103\u021bii Serviciilor Medicale:<\/p>\n<ul>\n<li>un post de medic specialist \u00een cadrul biroului managementul calit\u0103\u021bii serviciilor medicale<\/li>\n<li>un post de asistent medical generalist cadrul biroului managementul calit\u0103\u021bii serviciilor medicale<\/li>\n<li>un post de referent grad I cadrul biroului managementul calit\u0103\u021bii serviciilor medicale<br \/><br \/><\/li>\n<li><a href=\"http:\/\/spitalbicaz.ro\/wp-content\/uploads\/2019\/05\/ANUNT-concurs-posturi-vacante-in-cadrul-Biroului-de-Management-al-Calitatii.pdf\">ANUNT concurs posturi vacante in cadrul Biroului de Management al Calitatii<\/a><\/li>\n<li><a href=\"http:\/\/spitalbicaz.ro\/wp-content\/uploads\/2019\/05\/Tematica-si-bibliografia-pentru-ocuparea-postului-vacant-de-asistent-medical-in-cadrul-Biroul-de-Management-al-Calitatii.pdf\">Tematica si bibliografia pentru ocuparea postului vacant de asistent medical in cadrul Biroul de Management al Calitatii<\/a><\/li>\n<li><a href=\"http:\/\/spitalbicaz.ro\/wp-content\/uploads\/2019\/05\/Tematica-si-bibliografia-pentru-ocuparea-postului-vacant-de-medic-specialist-la-Biroul-de-management-al-Calitatii.pdf\">Tematica si bibliografia pentru ocuparea postului vacant de medic specialist la Biroul de management al Calitatii<\/a><\/li>\n<li><a href=\"http:\/\/spitalbicaz.ro\/wp-content\/uploads\/2019\/05\/Tematica-si-bibliografia-pentru-ocuparea-postului-vacant-de-referent-grad-I-la-Biroul-de-Management-al-Calitatii.pdf\">Tematica si bibliografia pentru ocuparea postului vacant de referent grad I la Biroul de Management al Calitatii<\/a><\/li>\n<\/ul>\n<hr \/>\n<ul>\n<li><a href=\"http:\/\/spitalbicaz.ro\/wp-content\/uploads\/2019\/06\/REZULTAT.pdf\">Rezultatul selec\u021biei de dosare<\/a><\/li>\n<li><a href=\"http:\/\/spitalbicaz.ro\/wp-content\/uploads\/2019\/06\/Rezultat-proba-scrisa-concurs-referent-grad-I_Biroul-Managementul-Calitatii-Serviciilor-Medicale-.pdf\">Rezultat proba scris\u0103<\/a><\/li>\n<li><a href=\"http:\/\/spitalbicaz.ro\/wp-content\/uploads\/2019\/06\/Rezultat-final-concurs-referent-grad-I_Biroul-Managementul-Calitatii-Serviciilor-Medicale.pdf\" data-rich-text-format-boundary=\"true\">Rezultatul final<\/a><\/li>\n<\/ul>\n<hr \/>\n<p>Spitalul Or\u0103\u0219enesc \u201eSf.Ierarh Nicolae\u201d Bicaz organizeaz\u0103, \u00een ziua de<span style=\"color: #000000;\"><strong> 16.05.2019, ora 09:30<\/strong><\/span>, la sediul unit\u0103\u021bii, concurs pentru ocuparea func\u021biei de <strong>Director financiar-contabil<\/strong>.<\/p>\n<ul>\n<li><a href=\"http:\/\/spitalbicaz.ro\/wp-content\/uploads\/2019\/04\/ANUNT_-concurs-director-financiar-contabil-1.pdf\">ANUNT_ concurs director financiar contabil<\/a><\/li>\n<li><a href=\"http:\/\/spitalbicaz.ro\/wp-content\/uploads\/2019\/04\/TEMATICA-si-BIBLIOGRAFIE_concurs-director-financiar-contabil-1.pdf\">TEMATICA si BIBLIOGRAFIE_concurs director financiar contabil<\/a><\/li>\n<li><a href=\"http:\/\/spitalbicaz.ro\/wp-content\/uploads\/2019\/04\/METODOLOGIA-de-organizare-si-desfasurare-a-concursurilor_examenelor-pentru-ocuparea-functiilor-specifice-comitetului-director-din-cadrul-Spitalului-Orasenesc-Sf.Ierarh-Nicolae-Bicaz-2.pdf\">METODOLOGIA de organizare si desfasurare a concursurilor_examenelor pentru ocuparea functiilor specifice comitetului director din cadrul Spitalului Orasenesc Sf.Ierarh Nicolae Bicaz<\/a><\/li>\n<li><a href=\"http:\/\/spitalbicaz.ro\/wp-content\/uploads\/2019\/05\/REZULTATUL-selectiei-dosarului-depus-in-vederea-ocuparii-postului-vacant-de-director-financiar-contabil-.pdf\">REZULTATUL selectiei dosarului depus in vederea ocuparii postului vacant de director financiar contabil<\/a><\/li>\n<li>\u00a0<\/li>\n<\/ul>\n<hr \/>\n<p>Spitalul Or\u0103\u0219enesc \u201eSf.Ierarh Nicolae\u201d Bicaz organizeaz\u0103, \u00een ziua de<span style=\"color: #000000;\"><strong> 14.05.2019, ora 09:30<\/strong><\/span>, la sediul unit\u0103\u021bii, concurs pentru ocuparea func\u021biei de <strong>Director medical<\/strong>.<\/p>\n<ul>\n<li><a href=\"http:\/\/spitalbicaz.ro\/wp-content\/uploads\/2019\/04\/ANUNT_concurs-director-medical.pdf\">ANUNT_concurs director medical<\/a><\/li>\n<li>METODOLOGIA de organizare si desfasurare a concursurilor_examenelor pentru ocuparea functiilor specifice comitetului director din cadrul Spitalului Orasenesc Sf.Ierarh Nicolae Bicaz<\/li>\n<li><a href=\"http:\/\/spitalbicaz.ro\/wp-content\/uploads\/2019\/04\/TEMATICA-si-BIBLIOGRAFIE_concurs-director-medical.pdf\">TEMATICA si BIBLIOGRAFIE_concurs director medical<\/a><\/li>\n<li><a href=\"http:\/\/spitalbicaz.ro\/wp-content\/uploads\/2019\/05\/REZULTATUL-selectiei-dosarului-depus-in-vederea-ocuparii-postului-vacant-de-director-medical.pdf\">REZULTATUL selectiei dosarului depus in vederea ocuparii postului vacant de director medical<\/a><\/li>\n<\/ul>\n<h3><span style=\"color: #000000;\"><strong>Rezultat final concurs DM<\/strong><\/span><\/h3>\n<ul>\n<li><a href=\"http:\/\/spitalbicaz.ro\/wp-content\/uploads\/2019\/05\/Rezultat-la-proba-scrisa-concurs-Director-medical-14-mai-2019.pdf\">Rezultat la proba scrisa concurs Director medical 14 mai 2019<\/a><\/li>\n<li><a href=\"http:\/\/spitalbicaz.ro\/wp-content\/uploads\/2019\/05\/Rezultat-evaluare-si-sustinere-proiect-specialitate-aferent-concurs-post-vacant-director-medical-.pdf\">Rezultat evaluare si sustinere proiect specialitate aferent concurs post vacant director medical<\/a><\/li>\n<li><a href=\"http:\/\/spitalbicaz.ro\/wp-content\/uploads\/2019\/05\/Rezultat-sustinere-interviu-aferent-concurs-post-vacant-Director-medical.pdf\">Rezultat sustinere interviu aferent concurs post vacant Director medical<\/a><\/li>\n<li><a href=\"http:\/\/spitalbicaz.ro\/wp-content\/uploads\/2019\/05\/Rezultat-final-concurs-post-vacant-director-medical-.pdf\">Rezultat final concurs post vacant director medical<\/a><\/li>\n<\/ul>\n<hr \/>\n<p>Spitalul Or\u0103\u0219enesc \u201eSf.Ierarh Nicolae\u201d Bicaz organizeaz\u0103, \u00een ziua de<span style=\"color: #000000;\"><strong> 18.03.2019, ora 11:30<\/strong><\/span>, la sediul unit\u0103\u021bii, concurs pentru ocuparea <strong>func\u021biei de Manager<\/strong> persoana fizic\u0103.<\/p>\n<p><a href=\"https:\/\/spitalbicaz.ro\/wp-content\/uploads\/2019\/02\/ANUNT-concurs-manager.pdf\">ANUNT concurs manager<\/a><\/p>\n<p><a href=\"https:\/\/spitalbicaz.ro\/wp-content\/uploads\/2019\/02\/BIBLIOGRAFIE.pdf\">Bibliografie concurs manager<\/a><\/p>\n<p><a href=\"http:\/\/spitalbicaz.ro\/wp-content\/uploads\/2019\/02\/Dispozitie-Regulament-Spital-Orasenesc-Sf-Ierarh-Nicolae-Bicaz.pdf\">Dispozitie + Regulament Spital Orasenesc Sf Ierarh Nicolae Bicaz<\/a><\/p>\n<hr \/>\n<p><a href=\"http:\/\/spitalbicaz.ro\/wp-content\/uploads\/2019\/03\/REZULTATUL-selectiei-dosarului-depus-in-vederea-ocuparii-postului-vacant-de-manager.pdf\" data-rich-text-format-boundary=\"true\">REZULTATUL selec\u021biei dosarului depus \u00een vederea ocup\u0103rii postului vacant de manager<\/a><\/p>\n<p><a href=\"http:\/\/spitalbicaz.ro\/wp-content\/uploads\/2019\/03\/2019-RAPORT-FINAL_concurs-manager.pdf\">RAPORT FINAL_concurs manager<\/a><\/p>\n<hr \/>\n<p>Spitalul Or\u0103\u0219enesc \u201eSf.Ierarh Nicolae\u201d Bicaz organizeaz\u0103, \u00een ziua de<span style=\"color: #000000;\"><strong> 25.02.2019, ora 10:00<\/strong><\/span>, la sediul unit\u0103\u021bii, concurs pentru ocuparea urm\u0103toarelor posturi temporar vacante:<\/p>\n<ul>\n<li>un post de asistent medical generalist \u2013 grad principal \u00een medicin\u0103 general\u0103 (PL) \u00een cadrul compartimentului primire urgen\u021be;<\/li>\n<li>un post de asistent medical generalist (PL) \u00een cadrul compartimentului chirurgie;<\/li>\n<li>un post de asistent medical generalist (PL) \u00een cadrul compartimentului obstetric\u0103-ginecologie.<\/li>\n<\/ul>\n<p><a href=\"http:\/\/spitalbicaz.ro\/wp-content\/uploads\/2019\/02\/Anunt-concurs_examen-posturi-temporar-vacant_asistent-medical_ptr-unitate.pdf\">Anunt concurs_examen posturi temporar vacant_asistent medical_ptr unitate<\/a><\/p>\n<p><a href=\"http:\/\/spitalbicaz.ro\/wp-content\/uploads\/2019\/02\/TEMAITICA_concurs-asistent-medical-generalist.pdf\">TEMAITICA_concurs asistent medical generalist<\/a><\/p>\n<hr \/>\n<p><a href=\"http:\/\/spitalbicaz.ro\/wp-content\/uploads\/2019\/02\/020213215818.pdf\">Rezultate selec\u021bie dosare \u00eenscriere concurs post asistent medical generalist<\/a><\/p>\n<hr \/>\n<p><a href=\"http:\/\/spitalbicaz.ro\/wp-content\/uploads\/2019\/02\/ANUNT-AMANARE-CONCURS-POSTURI-TEMPORAR-VACANTE4.pdf\">ANUNT-AMANARE-CONCURS-POSTURI-TEMPORAR-VACANTE4<\/a><\/p>\n<hr \/>\n<p><a href=\"http:\/\/spitalbicaz.ro\/wp-content\/uploads\/2019\/02\/TABEL-privind-rezultatul-obtinut-la-proba-scrisa-din-data-de-26.02.2019-concurs-organizat-ptr-posturi-temporar-vacante-asistent-medical-generalist.pdf\">Rezultatul obtinut la proba scrisa din data de 26.02.2019- concurs organizat ptr posturi temporar vacante &#8211; asistent medical generalist<\/a><\/p>\n<p><a href=\"http:\/\/spitalbicaz.ro\/wp-content\/uploads\/2019\/02\/CENTRALIZATOR-NOMINAL-PRIVIND-REZULTATELE-FINALE-CONCURS-AS.MEDICALE-27.02.2019.pdf\">Rezultate finale concurs asistent medical generalist<\/a><\/p>\n\n\n<p><\/p>\n","protected":false},"excerpt":{"rendered":"<p>Spitalul Or\u0103\u0219enesc \u201eSf.Ierarh Nicolae\u201d Bicaz organizeaz\u0103, \u00een ziua de 21.10.2019, ora 09:30, la sediul unit\u0103\u021bii, concurs pentru ocuparea de posturi vacante Biroul Managementul Calit\u0103\u021bii Serviciilor Medicale: un post de medic specialist \u00een cadrul biroului managementul calit\u0103\u021bii serviciilor medicale un post de asistent medical generalist cadrul biroului managementul calit\u0103\u021bii serviciilor medicale ANUNT concurs pentru ocuparea posturilor [&hellip;]<\/p>\n","protected":false},"author":1,"featured_media":0,"parent":0,"menu_order":0,"comment_status":"closed","ping_status":"closed","template":"","meta":{"_et_pb_use_builder":"off","_et_pb_old_content":"","_et_gb_content_width":"","_lmt_disableupdate":"","_lmt_disable":""},"_links":{"self":[{"href":"https:\/\/www.spitalbicaz.ro\/index.php?rest_route=\/wp\/v2\/pages\/6447"}],"collection":[{"href":"https:\/\/www.spitalbicaz.ro\/index.php?rest_route=\/wp\/v2\/pages"}],"about":[{"href":"https:\/\/www.spitalbicaz.ro\/index.php?rest_route=\/wp\/v2\/types\/page"}],"author":[{"embeddable":true,"href":"https:\/\/www.spitalbicaz.ro\/index.php?rest_route=\/wp\/v2\/users\/1"}],"replies":[{"embeddable":true,"href":"https:\/\/www.spitalbicaz.ro\/index.php?rest_route=%2Fwp%2Fv2%2Fcomments&post=6447"}],"version-history":[{"count":7,"href":"https:\/\/www.spitalbicaz.ro\/index.php?rest_route=\/wp\/v2\/pages\/6447\/revisions"}],"predecessor-version":[{"id":6467,"href":"https:\/\/www.spitalbicaz.ro\/index.php?rest_route=\/wp\/v2\/pages\/6447\/revisions\/6467"}],"wp:attachment":[{"href":"https:\/\/www.spitalbicaz.ro\/index.php?rest_route=%2Fwp%2Fv2%2Fmedia&parent=6447"}],"curies":[{"name":"wp","href":"https:\/\/api.w.org\/{rel}","templated":true}]}}