{"id":6417,"date":"2020-05-31T14:48:49","date_gmt":"2020-05-31T11:48:49","guid":{"rendered":"https:\/\/www.spitalbicaz.ro\/?page_id=6417"},"modified":"2022-10-03T09:52:45","modified_gmt":"2022-10-03T06:52:45","slug":"posturi-vacante-2018","status":"publish","type":"page","link":"https:\/\/www.spitalbicaz.ro\/?page_id=6417","title":{"rendered":"POSTURI VACANTE &#8211; 2018"},"content":{"rendered":"<p>[et_pb_section admin_label=&#8221;section&#8221;]<br \/>\n\t\t\t[et_pb_row admin_label=&#8221;row&#8221;]<br \/>\n\t\t\t\t[et_pb_column type=&#8221;4_4&#8243;][et_pb_text admin_label=&#8221;Text&#8221;]<\/p>\n<ul>\n<li><a href=\"http:\/\/spitalbicaz.ro\/wp-content\/uploads\/2018\/11\/Rezultate-privind-selectia-dosare-concurs-asistente-medicale.pdf\">Rezultate privind selectia dosare concurs asistente medicale<\/a><\/li>\n<li><a href=\"http:\/\/spitalbicaz.ro\/wp-content\/uploads\/2018\/11\/20181102-REZULTATE-SELECTIE-DOSARE-SECRETAR-DACTILOGRAF-IA.pdf\">REZULTATE SELECTIE DOSARE-SECRETAR DACTILOGRAF IA<\/a><\/li>\n<li>Contesta\u021bie &#8211; <a href=\"http:\/\/spitalbicaz.ro\/wp-content\/uploads\/2018\/11\/20181106-1.pdf\">&#8222;Tabel cu rezultatul privind contesta\u021bia la selec\u021bia dosarelor de concurs&#8221;<\/a><\/li>\n<li><a href=\"http:\/\/spitalbicaz.ro\/wp-content\/uploads\/2018\/11\/20181107-Tabel-rezultate-proba-scrisa.pdf\">Rezultate prob\u0103 scris\u0103 concurs \u0219i informa\u021bii prob\u0103 practic\u0103<\/a><\/li>\n<li><a href=\"http:\/\/spitalbicaz.ro\/wp-content\/uploads\/2018\/11\/20181109-concurs.pdf\">Rezultat proba scrisa concurs secretar<\/a><\/li>\n<li><a href=\"http:\/\/spitalbicaz.ro\/wp-content\/uploads\/2018\/11\/20181112-rezultat-concurs-asist-med.pdf\">Rezultat concurs asist med<\/a><\/li>\n<\/ul>\n<hr>\n<p><span style=\"font-family: Arial, Helvetica, sans-serif;\">Spitalul Or\u0103\u0219enesc \u201eSf. Ierarh Nicolae\u201d Bicaz organizeaz\u0103 \u00een data de <span style=\"color: #ff0000;\"><strong>07.11.2018<\/strong><\/span> concurs pentru ocuparea urm\u0103toarelor posturi vacante:<\/span><\/p>\n<ul>\n<li><span style=\"font-family: Tahoma, Arial, Helvetica, sans-serif; font-size: 12pt;\"><a href=\"http:\/\/spitalbicaz.ro\/wp-content\/uploads\/2018\/10\/Anunt-concurs_asistent-medical.pdf\">Anunt concurs_asistent medical<\/a><\/span><\/li>\n<li><span style=\"font-family: Tahoma, Arial, Helvetica, sans-serif; font-size: 12pt;\"><a href=\"http:\/\/spitalbicaz.ro\/wp-content\/uploads\/2018\/10\/Anunt-concurs_medicreferentas.medicalsecretar.pdf\">Anunt concurs_medic,referent, as.medical, secretar<\/a><\/span><\/li>\n<\/ul>\n<p><span style=\"font-family: Tahoma, Arial, Helvetica, sans-serif; font-size: 12pt;\"><strong>Tematica<\/strong><\/span><\/p>\n<ul>\n<li><span style=\"font-family: Tahoma, Arial, Helvetica, sans-serif; font-size: 12pt;\"><a href=\"http:\/\/spitalbicaz.ro\/wp-content\/uploads\/2018\/10\/Tematica-pentru-ocuparea-posturilor-vacante-de-asistent-medical-generalist.pdf\">Tematica pentru ocuparea posturilor vacante de asistent medical generalist<\/a><\/span><\/li>\n<li><span style=\"font-family: Tahoma, Arial, Helvetica, sans-serif; font-size: 12pt;\"><a href=\"http:\/\/spitalbicaz.ro\/wp-content\/uploads\/2018\/10\/Tematica-pentru-ocuparea-postului-de-asistent-medical-generalist_biroul-de-management-al-calitatii.pdf\">Tematica pentru ocuparea postului de asistent medical generalist_biroul de management al calitatii<\/a><\/span><\/li>\n<li><span style=\"font-family: Tahoma, Arial, Helvetica, sans-serif; font-size: 12pt;\"><a href=\"http:\/\/spitalbicaz.ro\/wp-content\/uploads\/2018\/10\/Tematica-pentru-ocuparea-postului-de-medic_-biroul-de-management-al-calitatii.pdf\">Tematica pentru ocuparea postului de medic_ biroul de management al calitatii<\/a><\/span><\/li>\n<li><span style=\"font-family: Tahoma, Arial, Helvetica, sans-serif; font-size: 12pt;\"><a href=\"http:\/\/spitalbicaz.ro\/wp-content\/uploads\/2018\/10\/Tematica-pentru-ocuparea-postului-de-referent_biroul-de-management-al-calitatii.pdf\">Tematica pentru ocuparea postului de referent_biroul de management al calitatii<\/a><\/span><\/li>\n<li><span style=\"font-family: Tahoma, Arial, Helvetica, sans-serif; font-size: 12pt;\"><a href=\"http:\/\/spitalbicaz.ro\/wp-content\/uploads\/2018\/10\/Tematica-pentru-ocuparea-postului-de-secretar-dactilograf-IA.pdf\">Tematica pentru ocuparea postului de secretar dactilograf IA<\/a><\/span><\/li>\n<\/ul>\n<p>[\/et_pb_text][\/et_pb_column]<br \/>\n\t\t\t[\/et_pb_row]<br \/>\n\t\t[\/et_pb_section]<\/p>\n","protected":false},"excerpt":{"rendered":"<p>Rezultate privind selectia dosare concurs asistente medicale REZULTATE SELECTIE DOSARE-SECRETAR DACTILOGRAF IA Contesta\u021bie &#8211; &#8222;Tabel cu rezultatul privind contesta\u021bia la selec\u021bia dosarelor de concurs&#8221; Rezultate prob\u0103 scris\u0103 concurs \u0219i informa\u021bii prob\u0103 practic\u0103 Rezultat proba scrisa concurs secretar Rezultat concurs asist med Spitalul Or\u0103\u0219enesc \u201eSf. Ierarh Nicolae\u201d Bicaz organizeaz\u0103 \u00een data de 07.11.2018 concurs pentru ocuparea [&hellip;]<\/p>\n","protected":false},"author":1,"featured_media":0,"parent":0,"menu_order":0,"comment_status":"closed","ping_status":"closed","template":"","meta":{"_et_pb_use_builder":"on","_et_pb_old_content":"<ul>\n \t<li><a href=\"http:\/\/spitalbicaz.ro\/wp-content\/uploads\/2018\/11\/Rezultate-privind-selectia-dosare-concurs-asistente-medicale.pdf\">Rezultate privind selectia dosare concurs asistente medicale<\/a><\/li>\n \t<li><a href=\"http:\/\/spitalbicaz.ro\/wp-content\/uploads\/2018\/11\/20181102-REZULTATE-SELECTIE-DOSARE-SECRETAR-DACTILOGRAF-IA.pdf\">REZULTATE SELECTIE DOSARE-SECRETAR DACTILOGRAF IA<\/a><\/li>\n \t<li>Contesta\u021bie - <a href=\"http:\/\/spitalbicaz.ro\/wp-content\/uploads\/2018\/11\/20181106-1.pdf\">\"Tabel cu rezultatul privind contesta\u021bia la selec\u021bia dosarelor de concurs\"<\/a><\/li>\n \t<li><a href=\"http:\/\/spitalbicaz.ro\/wp-content\/uploads\/2018\/11\/20181107-Tabel-rezultate-proba-scrisa.pdf\">Rezultate prob\u0103 scris\u0103 concurs \u0219i informa\u021bii prob\u0103 practic\u0103<\/a><\/li>\n \t<li><a href=\"http:\/\/spitalbicaz.ro\/wp-content\/uploads\/2018\/11\/20181109-concurs.pdf\">Rezultat proba scrisa concurs secretar<\/a><\/li>\n \t<li><a href=\"http:\/\/spitalbicaz.ro\/wp-content\/uploads\/2018\/11\/20181112-rezultat-concurs-asist-med.pdf\">Rezultat concurs asist med<\/a><\/li>\n<\/ul>\n\n<hr>\n\n<span style=\"font-family: Arial, Helvetica, sans-serif;\">Spitalul Or\u0103\u0219enesc \u201eSf. Ierarh Nicolae\u201d Bicaz organizeaz\u0103 \u00een data de <span style=\"color: #ff0000;\"><strong>07.11.2018<\/strong><\/span> concurs pentru ocuparea urm\u0103toarelor posturi vacante:<\/span>\n<ul>\n \t<li><span style=\"font-family: Tahoma, Arial, Helvetica, sans-serif; font-size: 12pt;\"><a href=\"http:\/\/spitalbicaz.ro\/wp-content\/uploads\/2018\/10\/Anunt-concurs_asistent-medical.pdf\">Anunt concurs_asistent medical<\/a><\/span><\/li>\n \t<li><span style=\"font-family: Tahoma, Arial, Helvetica, sans-serif; font-size: 12pt;\"><a href=\"http:\/\/spitalbicaz.ro\/wp-content\/uploads\/2018\/10\/Anunt-concurs_medicreferentas.medicalsecretar.pdf\">Anunt concurs_medic,referent, as.medical, secretar<\/a><\/span><\/li>\n<\/ul>\n<span style=\"font-family: Tahoma, Arial, Helvetica, sans-serif; font-size: 12pt;\"><strong>Tematica<\/strong><\/span>\n<ul>\n \t<li><span style=\"font-family: Tahoma, Arial, Helvetica, sans-serif; font-size: 12pt;\"><a href=\"http:\/\/spitalbicaz.ro\/wp-content\/uploads\/2018\/10\/Tematica-pentru-ocuparea-posturilor-vacante-de-asistent-medical-generalist.pdf\">Tematica pentru ocuparea posturilor vacante de asistent medical generalist<\/a><\/span><\/li>\n \t<li><span style=\"font-family: Tahoma, Arial, Helvetica, sans-serif; font-size: 12pt;\"><a href=\"http:\/\/spitalbicaz.ro\/wp-content\/uploads\/2018\/10\/Tematica-pentru-ocuparea-postului-de-asistent-medical-generalist_biroul-de-management-al-calitatii.pdf\">Tematica pentru ocuparea postului de asistent medical generalist_biroul de management al calitatii<\/a><\/span><\/li>\n \t<li><span style=\"font-family: Tahoma, Arial, Helvetica, sans-serif; font-size: 12pt;\"><a href=\"http:\/\/spitalbicaz.ro\/wp-content\/uploads\/2018\/10\/Tematica-pentru-ocuparea-postului-de-medic_-biroul-de-management-al-calitatii.pdf\">Tematica pentru ocuparea postului de medic_ biroul de management al calitatii<\/a><\/span><\/li>\n \t<li><span style=\"font-family: Tahoma, Arial, Helvetica, sans-serif; font-size: 12pt;\"><a href=\"http:\/\/spitalbicaz.ro\/wp-content\/uploads\/2018\/10\/Tematica-pentru-ocuparea-postului-de-referent_biroul-de-management-al-calitatii.pdf\">Tematica pentru ocuparea postului de referent_biroul de management al calitatii<\/a><\/span><\/li>\n \t<li><span style=\"font-family: Tahoma, Arial, Helvetica, sans-serif; font-size: 12pt;\"><a href=\"http:\/\/spitalbicaz.ro\/wp-content\/uploads\/2018\/10\/Tematica-pentru-ocuparea-postului-de-secretar-dactilograf-IA.pdf\">Tematica pentru ocuparea postului de secretar dactilograf IA<\/a><\/span><\/li>\n<\/ul>","_et_gb_content_width":"","_lmt_disableupdate":"","_lmt_disable":""},"_links":{"self":[{"href":"https:\/\/www.spitalbicaz.ro\/index.php?rest_route=\/wp\/v2\/pages\/6417"}],"collection":[{"href":"https:\/\/www.spitalbicaz.ro\/index.php?rest_route=\/wp\/v2\/pages"}],"about":[{"href":"https:\/\/www.spitalbicaz.ro\/index.php?rest_route=\/wp\/v2\/types\/page"}],"author":[{"embeddable":true,"href":"https:\/\/www.spitalbicaz.ro\/index.php?rest_route=\/wp\/v2\/users\/1"}],"replies":[{"embeddable":true,"href":"https:\/\/www.spitalbicaz.ro\/index.php?rest_route=%2Fwp%2Fv2%2Fcomments&post=6417"}],"version-history":[{"count":8,"href":"https:\/\/www.spitalbicaz.ro\/index.php?rest_route=\/wp\/v2\/pages\/6417\/revisions"}],"predecessor-version":[{"id":7898,"href":"https:\/\/www.spitalbicaz.ro\/index.php?rest_route=\/wp\/v2\/pages\/6417\/revisions\/7898"}],"wp:attachment":[{"href":"https:\/\/www.spitalbicaz.ro\/index.php?rest_route=%2Fwp%2Fv2%2Fmedia&parent=6417"}],"curies":[{"name":"wp","href":"https:\/\/api.w.org\/{rel}","templated":true}]}}