{"id":6410,"date":"2020-05-31T11:00:57","date_gmt":"2020-05-31T08:00:57","guid":{"rendered":"https:\/\/www.spitalbicaz.ro\/?page_id=6410"},"modified":"2020-05-31T11:01:00","modified_gmt":"2020-05-31T08:01:00","slug":"posturi-vacante-2017","status":"publish","type":"page","link":"https:\/\/www.spitalbicaz.ro\/?page_id=6410","title":{"rendered":"POSTURI VACANTE &#8211; 2017"},"content":{"rendered":"<p><span style=\"font-family: Arial, Helvetica, sans-serif;\">Spitalul Or\u0103\u0219enesc \u201eSf. Ierarh Nicolae\u201d Bicaz organizeaz\u0103 \u00een data de <span style=\"color: #ff0000;\"><strong>16.10.2017<\/strong><\/span> concurs pentru ocuparea urm\u0103toarelor posturi:<\/span><\/p>\n<p><a href=\"http:\/\/spitalbicaz.ro\/wp-content\/uploads\/2017\/10\/ANUNT-CONCURS_EXAMEN-MEDICI.pdf\">ANUNT CONCURS_EXAMEN MEDICI<\/a><\/p>\n<p><span style=\"font-family: Arial, Helvetica, sans-serif;\"><a href=\"http:\/\/spitalbicaz.ro\/wp-content\/uploads\/2017\/09\/ANUNT-concurs_examen-AS-MEDICAL_Compartiment-Pediatrie.pdf\">ANUN\u021a concurs_examen AS MEDICAL_Compartiment Pediatrie<\/a><\/span><\/p>\n<ul>\n<li><span style=\"font-family: Arial, Helvetica, sans-serif;\"><em><strong>Asistent medical generalist<\/strong><\/em> compartiment Pediatrie<\/span><\/li>\n<\/ul>\n<p><span style=\"font-family: Arial, Helvetica, sans-serif;\"><a href=\"http:\/\/spitalbicaz.ro\/wp-content\/uploads\/2017\/09\/ANUNT-concurs_examen-AS-MEDICAL_Laborator-Radiologie-si-Imagist.pdf\">ANUN\u021a concurs_examen AS MEDICAL_Laborator Radiologie si Imagist<\/a><\/span><\/p>\n<ul>\n<li><span style=\"font-family: Arial, Helvetica, sans-serif;\"><em><strong>Asistent medical generalist<\/strong><\/em> compartiment Radiologie si Imagistica medicala<\/span><\/li>\n<\/ul>\n<p><span style=\"font-family: Arial, Helvetica, sans-serif;\"><a href=\"http:\/\/spitalbicaz.ro\/wp-content\/uploads\/2017\/09\/ANUNT-concurs_examen-KINETOTERAPEUT_AS-MEDICAL_Compartiment-rec.pdf\">ANUN\u021a concurs_examen KINETOTERAPEUT \u0219i AS MEDICAL_Compartiment Recuperare medicala<\/a><\/span><\/p>\n<ul>\n<li><span style=\"font-family: Arial, Helvetica, sans-serif;\"><em><strong>Kinetotetapeut<\/strong><\/em> compartiment Recuperare medicala fizica si balneologie<\/span><\/li>\n<li><span style=\"font-family: Arial, Helvetica, sans-serif;\"><em><strong>Asistent medical debutant<\/strong><strong> balneo-fizio-kinetoterapeut<\/strong><\/em> compartiment Recuperare medicala fizica \u0219i balneologie<\/span><\/li>\n<\/ul>\n<p><strong><span style=\"color: #ff0000;\">Aten\u021bie,\u00a0modificare condi\u021bii specifice<\/span><\/strong><span style=\"text-indent: 0em;\">: absolvent de scoal\u0103 sanitara postliceala, vechime \u00een specialitate = 6 luni<\/span><\/p>\n<ul>\n<li><span style=\"font-family: Arial, Helvetica, sans-serif;\"><a href=\"http:\/\/spitalbicaz.ro\/wp-content\/uploads\/2017\/09\/Metodologie-de-organizare-si-desfasurare-concurs.pdf\">Metodologie de organizare si desfasurare concurs<\/a><\/span><\/li>\n<li><span style=\"font-family: Arial, Helvetica, sans-serif;\"><a href=\"http:\/\/spitalbicaz.ro\/wp-content\/uploads\/2017\/09\/Tematica-as.med_.generalist.pdf\">Tematica as med generalist<\/a><\/span><\/li>\n<li><span style=\"font-family: Arial, Helvetica, sans-serif;\"><a href=\"http:\/\/spitalbicaz.ro\/wp-content\/uploads\/2017\/09\/Tematica-as.med_.generalist_radiologie.pdf\">Tematica as med generalist radiologie<\/a><\/span><\/li>\n<li><span style=\"font-family: Arial, Helvetica, sans-serif;\"><a href=\"http:\/\/spitalbicaz.ro\/wp-content\/uploads\/2017\/09\/Tematica-kinetoterapeut.pdf\">Tematica kinetoterapeut<\/a><\/span><\/li>\n<li><span style=\"font-family: Arial, Helvetica, sans-serif;\"><a href=\"http:\/\/spitalbicaz.ro\/wp-content\/uploads\/2017\/09\/Tematica-as-med-balneofiziokinetoterapeut.pdf\">Tematica as med balneo-fizio-kinetoterapeut<\/a><\/span><\/li>\n<\/ul>\n<h3><strong>Depunere dosare CONCURS 16.10.2017<\/strong><\/h3>\n<p><span style=\"color: #ff0000; font-size: 12pt;\"><strong><span style=\"color: #ff0000;\"><span style=\"font-size: 12pt;\">IMPORTANT! &#8211;\u00a0<\/span><\/span><\/strong><strong><span style=\"font-size: 12pt;\">In <\/span><span style=\"font-size: 16px;\">leg\u0103tur\u0103<\/span><span style=\"font-size: 12pt;\">\u00a0cu depunerea dosarelor pentru concursul din data de 16.10.2017<br \/>\n<\/span><\/strong><\/span>Dosarele se depun p\u00e2n\u0103 pe data de 10.10.2017, ora 16.00, conform portalului: <strong><a href=\"http:\/\/posturi.gov.ro\/post\/asistent-medical-si-kinetoterapeut-4-posturi-spitalul-orasenesc-sf-ierarh-nicolae-neamt\/\">posturi.gov.ro<\/a><\/strong><\/p>\n<h3><strong>Rezultate selec\u021bie dosare \u00eenscriere CONCURS 16.10.2017<\/strong><\/h3>\n<p><a href=\"http:\/\/spitalbicaz.ro\/wp-content\/uploads\/2017\/10\/20171016-concurs.pdf\"><img decoding=\"async\" loading=\"lazy\" class=\"wp-image-2010 aligncenter\" src=\"http:\/\/spitalbicaz.ro\/wp-content\/uploads\/2017\/10\/pv-1-si-2.jpg\" alt=\"\" width=\"829\" height=\"1178\" srcset=\"https:\/\/www.spitalbicaz.ro\/wp-content\/uploads\/2017\/10\/pv-1-si-2.jpg 558w, https:\/\/www.spitalbicaz.ro\/wp-content\/uploads\/2017\/10\/pv-1-si-2-211x300.jpg 211w\" sizes=\"(max-width: 829px) 100vw, 829px\" \/><\/a><\/p>\n<h3><strong>Rezultate finale CONCURS 16.10.2017<\/strong><\/h3>\n<p><a href=\"http:\/\/spitalbicaz.ro\/wp-content\/uploads\/2017\/10\/rez-concurs.pdf\"><img decoding=\"async\" loading=\"lazy\" class=\"wp-image-2044 aligncenter\" src=\"http:\/\/spitalbicaz.ro\/wp-content\/uploads\/2017\/10\/rezultate-concurs-20171016.jpg\" alt=\"\" width=\"817\" height=\"1256\" srcset=\"https:\/\/www.spitalbicaz.ro\/wp-content\/uploads\/2017\/10\/rezultate-concurs-20171016.jpg 478w, https:\/\/www.spitalbicaz.ro\/wp-content\/uploads\/2017\/10\/rezultate-concurs-20171016-195x300.jpg 195w\" sizes=\"(max-width: 817px) 100vw, 817px\" \/><\/a><\/p>\n","protected":false},"excerpt":{"rendered":"<p>Spitalul Or\u0103\u0219enesc \u201eSf. Ierarh Nicolae\u201d Bicaz organizeaz\u0103 \u00een data de 16.10.2017 concurs pentru ocuparea urm\u0103toarelor posturi: ANUNT CONCURS_EXAMEN MEDICI ANUN\u021a concurs_examen AS MEDICAL_Compartiment Pediatrie Asistent medical generalist compartiment Pediatrie ANUN\u021a concurs_examen AS MEDICAL_Laborator Radiologie si Imagist Asistent medical generalist compartiment Radiologie si Imagistica medicala ANUN\u021a concurs_examen KINETOTERAPEUT \u0219i AS MEDICAL_Compartiment Recuperare medicala Kinetotetapeut compartiment Recuperare [&hellip;]<\/p>\n","protected":false},"author":1,"featured_media":0,"parent":0,"menu_order":0,"comment_status":"closed","ping_status":"closed","template":"","meta":{"_et_pb_use_builder":"off","_et_pb_old_content":"","_et_gb_content_width":"","_lmt_disableupdate":"","_lmt_disable":""},"_links":{"self":[{"href":"https:\/\/www.spitalbicaz.ro\/index.php?rest_route=\/wp\/v2\/pages\/6410"}],"collection":[{"href":"https:\/\/www.spitalbicaz.ro\/index.php?rest_route=\/wp\/v2\/pages"}],"about":[{"href":"https:\/\/www.spitalbicaz.ro\/index.php?rest_route=\/wp\/v2\/types\/page"}],"author":[{"embeddable":true,"href":"https:\/\/www.spitalbicaz.ro\/index.php?rest_route=\/wp\/v2\/users\/1"}],"replies":[{"embeddable":true,"href":"https:\/\/www.spitalbicaz.ro\/index.php?rest_route=%2Fwp%2Fv2%2Fcomments&post=6410"}],"version-history":[{"count":2,"href":"https:\/\/www.spitalbicaz.ro\/index.php?rest_route=\/wp\/v2\/pages\/6410\/revisions"}],"predecessor-version":[{"id":6415,"href":"https:\/\/www.spitalbicaz.ro\/index.php?rest_route=\/wp\/v2\/pages\/6410\/revisions\/6415"}],"wp:attachment":[{"href":"https:\/\/www.spitalbicaz.ro\/index.php?rest_route=%2Fwp%2Fv2%2Fmedia&parent=6410"}],"curies":[{"name":"wp","href":"https:\/\/api.w.org\/{rel}","templated":true}]}}