{"id":4779,"date":"2019-03-17T11:41:22","date_gmt":"2019-03-17T09:41:22","guid":{"rendered":"http:\/\/spitalbicaz.ro\/?page_id=4779"},"modified":"2019-03-17T13:41:28","modified_gmt":"2019-03-17T11:41:28","slug":"antibioticele","status":"publish","type":"page","link":"https:\/\/www.spitalbicaz.ro\/?page_id=4779","title":{"rendered":"Antibioticele"},"content":{"rendered":"<h1 class=\"BlogItem-title\" data-content-field=\"title\"><span style=\"color: #ff0000;\">Utilizarea responsabil\u0103 a antibioticelor<\/span><\/h1>\n<div id=\"item-5acca8f1f950b7425263d7b5\" class=\"sqs-layout sqs-grid-12 columns-12\" data-updated-on=\"1523362770839\" data-type=\"item\" data-layout-label=\"Post Body\">\n<div class=\"row sqs-row\">\n<div class=\"col sqs-col-12 span-12\">\n<div id=\"block-e63f7467ad27314440c9\" class=\"sqs-block html-block sqs-block-html\" data-block-type=\"2\">\n<div class=\"sqs-block-content\">\n<p>Majoritatea oamenilor \u0219tiu c\u0103 antibioticele sunt folosite pentru tratarea diferitelor tipuri de infec\u021bii.<\/p>\n<p>De-a lungul timpului, milioane de vie\u021bi au fost salvate datorit\u0103 folosirii lor. Ceea ce \u00eens\u0103 nu \u0219tie mult\u0103 lume, este faptul c\u0103 ele nu sunt eficiente \u00een toate cazurile \u00een care este prezent\u0103 o infec\u021bie, mai ales dac\u0103 un virus este responsabil pentru aceasta.<\/p>\n<p>Folosirea incorect\u0103 a antibioticelor a dus la o rezisten\u021b\u0103 a bacteriilor la antibiotice, fapt care constituie o problem\u0103 grav\u0103.<\/p>\n<p>Cel mai cunoscut exemplu este stafilococul auriu meticilino-rezistent (MRSA). \u00cen cele ce urmeaz\u0103 vom vedea c\u00e2nd este cazul s\u0103 folosim antibioticele \u0219i vom afla mai multe despre ce \u00eenseamn\u0103 rezisten\u021ba microbian\u0103, consecin\u021b\u0103 a utiliz\u0103rii neadecvate a antibioticelor.<\/p>\n<\/div>\n<\/div>\n<div class=\"row sqs-row\">\n<div class=\"col sqs-col-3 span-3\">\n<div id=\"block-yui_3_17_2_1_1523363422074_4990\" class=\"sqs-block spacer-block sqs-block-spacer sized vsize-1\" data-block-type=\"21\">\n<div class=\"sqs-block-content\">Rezisten\u021ba microbian\u0103 reprezint\u0103 capacitatea unor germeni patogeni de a supravie\u021bui \u0219i de a se multiplica \u00een prezen\u021ba antibioticelor. \u00cen ultimele decade, a devenit un fenomen alarmant.<\/div>\n<\/div>\n<\/div>\n<\/div>\n<div id=\"block-yui_3_17_2_1_1523363422074_2079\" class=\"sqs-block html-block sqs-block-html\" data-block-type=\"2\">\n<div class=\"sqs-block-content\">\n<p>Num\u0103rul microorganismelor care au devenit rezistente la antibiotice a crescut \u00een ultima perioad\u0103, \u00een mare parte \u0219i datorit\u0103 utiliz\u0103rii neadecvate a antibioticelor.<\/p>\n<p>Atunci c\u00e2nd se utilizeaz\u0103 un antibiotic, bacteriile sensibile la acesta sunt distruse, dar cele rezistente pot supravie\u021bui si se pot multiplica. Acestea sunt de obicei rezistente la antibioticele uzuale sau pot fi rezistente fa\u021b\u0103 de orice antibiotic.<\/p>\n<p>Acest lucru poate cauza infec\u021bii severe care necesit\u0103 antibiotice mai puternice \u0219i totodat\u0103 \u0219i mai scumpe, spitalizare sau chiar interven\u021bii chirurgicale.<\/p>\n<p>Cu toate acestea, \u00een unele cazuri, aceste infec\u021bii pot cauza moartea. Rezisten\u021ba microbian\u0103 poate ap\u0103rea oric\u00e2nd \u00een timpul folosirii antibioticelor, de aceea este foarte important ca ele s\u0103 fie utilizate \u00een mod justificat.<\/p>\n<p>\u00cen septembrie 2003, CDC (Centrul pentru controlul \u0219i preven\u021bia bolilor) a lansat o campanie pentru responsabilizarea popula\u021biei \u00een vederea folosirii corespunz\u0103toare a antibioticelor.<\/p>\n<p>Pe l\u00e2ng\u0103 ace\u0219tia, furnizorii de servicii medicale \u0219i pacien\u021bii joac\u0103 un rol important \u00een reducerea folosirii inadecvate a antibioticelor.&nbsp;<\/p>\n<h3><span style=\"color: #ff0000;\"><strong>Recomand\u0103ri pentru pacien\u021bi<\/strong><\/span><\/h3>\n<ul data-rte-list=\"default\">\n<li>\n<p>Cere\u021bi medicului dumneavoastr\u0103 informa\u021bii despre rezisten\u021ba microbian\u0103<\/p>\n<\/li>\n<li>\n<p>Utiliza\u021bi medicamente simptomatice atunci c\u00e2nd e necesar, f\u0103r\u0103 a recurge la antibiotice<\/p>\n<\/li>\n<li>\n<p>Respecta\u021bi \u00eentocmai tratamentul prescris de medic, at\u00e2t din punct de vedere al duratei, c\u00e2t \u0219i al concentra\u021biei recomandate<\/p>\n<\/li>\n<li>\n<p>Elimina\u021bi medicamentele nefolosite conform reglementarilor \u00een vigoare<\/p>\n<\/li>\n<li>\n<p>\u00centreba\u021bi medicul despre vaccinurile recomandate, pentru a putea preveni infec\u021biile \u0219i reduce folosirea antibioticelor<\/p>\n<\/li>\n<li>\n<p>Lua\u021bi medicamentele \u00eentocmai cum v-au fost prescrise, f\u0103r\u0103 a omite nici o doz\u0103 \u0219i f\u0103r\u0103 a \u00eentrerupe tratamentul, dec\u00e2t dac\u0103 a\u021bi fost sf\u0103tuit de c\u0103tre medicul dumneavoastr\u0103<\/p>\n<\/li>\n<li>\n<p>Nu utiliza\u021bi antibiotice pentru tratamentul infec\u021biilor provocate de virusuri, deoarece sunt ineficiente. Ele se folosesc pentru tratamentul infec\u021biilor provocate de bacterii<\/p>\n<\/li>\n<li>\n<p>Nu cere\u021bi medicului de familie s\u0103 v\u0103 prescrie antibiotice, dec\u00e2t dac\u0103 acesta consider\u0103 c\u0103 este cazul<\/p>\n<\/li>\n<li>\n<p>Antibioticele sunt prescrise pentru a v\u0103 trata infec\u021bia dumneavoastr\u0103 curent\u0103, nu le p\u0103stra\u021bi pentru a le folosi ulterior<\/p>\n<\/li>\n<li>\n<p>Nu trebuie s\u0103 lua\u0163i antibiotice care au fost recomandate altor persoane chiar dac\u0103 acestea au avut o infec\u021bie asem\u0103n\u0103toare cu a dumneavoastr\u0103<\/p>\n<\/li>\n<\/ul>\n<p>\u00cen unele cazuri o infec\u021bie provocat\u0103 de o bacterie nu se vindec\u0103 \u00een urma unei cure de tratament cu un antibiotic, iar una dintre cele mai frecvente cauze se datoreaz\u0103 rezistentei la antibioticul utilizat pe care o dezvolt\u0103 bacteria care a provocat infec\u021bia.<\/p>\n<p>Acest lucru \u00eenseamn\u0103 c\u0103 bacteriile pot supravie\u021bui sau chiar se pot \u00eenmul\u021bi, \u00een ciuda tratamentului cu antibiotic.<\/p>\n<p>Ele pot deveni rezistente la antibiotice din numeroase motive.<\/p>\n<p>Utilizarea responsabil\u0103 a antibioticelor poate ajuta la reducerea \u0219anselor de dezvoltare a rezisten\u021bei bacteriene.<\/p>\n<p>sursa:&nbsp;https:\/\/www.telios.ro\/blog\/2018\/4\/10\/utilizarea-responsabila-a-antibioticelor<\/p>\n<\/div>\n<\/div>\n<\/div>\n<div class=\"sqs-block-content\">&nbsp;<\/div>\n<\/div>\n<\/div>\n\n\n<figure class=\"wp-block-image\"><img decoding=\"async\" src=\"https:\/\/farmacistacublog.files.wordpress.com\/2017\/08\/antibiotic.png?w=500\" alt=\"antibiotic\" class=\"wp-image-695\"\/><\/figure>\n\n\n\n<p><strong>C\u00e2nd trebuie sa urmam un tratament cu Antibiotic \u0219i c\u00e2nd Nu?  <br>Despre utilizarea corecta a antibioticelor. <\/strong><\/p>\n\n\n\n<p>Utilizarea\ncorect\u0103 a antibioticelor \u0219i evitarea rezisten\u021bei la antibiotic<\/p>\n\n\n\n<p>Dezvoltarea\nantibioticelor a reprezentat unul dintre marile descoperiri \u00een medicina\nmodern\u0103. Antibioticele pot combate cu succes infec\u021biile care pun \u00een pericol\nvia\u021ba pacien\u021bilor. <\/p>\n\n\n\n<p>Dar din cauza\nutiliz\u0103rii necorespunz\u0103toare a antibioticelor tot mai multe bacterii devin\nrezistente la antibiotice si&nbsp; in cazul unor infec\u021bii viitoare acestea\ndevin ineficiente. <\/p>\n\n\n\n<p>De aceea este\ndeosebit de important s\u0103 utiliza\u021bi corect antibioticele.<\/p>\n\n\n\n<p>Antibioticele\nsunt extrem de eficiente, \u00eens\u0103 ele sunt folosite prea des iar utilizarea\nnecorespunz\u0103toare este larg r\u0103sp\u00e2ndit\u0103. <\/p>\n\n\n\n<p>Acest lucru a\nf\u0103cut ca multe tipuri diferite de bacterii s\u0103 devin\u0103 rezistente (nereactive) la\nantibiotice. Deoarece rezisten\u021ba a devenit frecvent\u0103, multe boli nu pot fi\ntratate la fel de bine ca \u00een trecut.<\/p>\n\n\n\n<p>Atunci c\u00e2nd\nutiliza\u021bi antibiotice, este important s\u0103 cunoa\u0219te\u021bi urm\u0103toarele aspecte pentru\na preveni rezisten\u021ba \u0219i reactiile adverse:<\/p>\n\n\n\n<ul><li>Antibioticele\nsunt eficiente numai \u00eempotriva bacteriilor. Multe infec\u021bii comune sunt de obicei cauzate de viru\u0219i. Acestea includ\ninfec\u021bii respiratorii cum ar fi tusea, r\u0103ceala, bron\u0219ita sau gripa.<\/li><li>Dac\u0103 v-au\nfost prescrise antibiotice este important sa respectati numarul de zile ale\ntratamentului. Nu intrerupeti administrarea chiar daca va simtiti mai bine.<\/li><li>Lua\u021bi\nantibiotice numai dac\u0103 este absolut necesar s\u0103 face\u021bi acest lucru.\nAntibioticele sunt necesare pentru a trata infec\u021biile bacteriene grave, cum ar\nfi infec\u021biile pulmonare sau meningitele. Nu este cazul sa urmati un tratament cu antibiotice atunci cand suferiti de\nraceala sau gripa. Antibioticele nu va vor ajuta, deoarece antibioticele lupt\u0103 doar \u00eempotriva bacteriilor, nu si a\nvirusilor. Antibioticele pot avea, de asemenea, efecte secundare, inclusiv\nreac\u021bii alergice,tulburari gastrointestinale \u0219i infec\u021bii fungice.<\/li><\/ul>\n\n\n\n<p>-Nu omiteti\ndozele si respectati intervalul de timp intre doze.<\/p>\n\n\n\n<p>-Nu lua\u021bi\nantibiotice prescrise pentru altcineva. Este posibil ca antibioticul s\u0103 nu fie\npotrivit pentru boala dumneavoastr\u0103.<\/p>\n\n\n\n<p>Utilizarea\nexcesiv\u0103 \u0219i necorespunz\u0103toare ale antibioticelor provoac\u0103 efecte secundare \u0219i,\npe termen lung, reduce eficacitatea acestora.<\/p>\n\n\n\n<p>Cauza\nrezistentei la antibiotice:<\/p>\n\n\n\n<p>Bacteriile\nrezistente la antibiotice se dezvolt\u0103 ca urmare a adapt\u0103rii naturale, a\nschimb\u0103rilor spontane ale ADN-ului (muta\u021bii) sau atunci c\u00e2nd bacteriile diferite\nschimb\u0103 gene unele cu cel\u0103lalte. Genele poart\u0103 toate informa\u021biile genetice ale\nunei celule. Bacteriile devin rezistente dac\u0103 \u201eiau\u201d informa\u021biile genetice care\ninduc rezisten\u021ba de la alte bacterii \u0219i le folosesc ca un scut protector\n\u00eempotriva antibioticelor.<\/p>\n\n\n\n<p>Dac\u0103\nantibioticele nu sunt luate suficient de mult timp, bacteriile care cauzeaz\u0103\ninfec\u021bia pot supravie\u021bui \u00een interiorul corpului. Aceasta cre\u0219te riscul\nrevenirii infec\u021biei. De asemenea, bacteriile r\u0103mase s-ar putea adapta \u0219i ar\nputea deveni rezistente.<\/p>\n\n\n\n<p>Utilizarea\nantibioticelor cu spectru larg, care lupt\u0103 \u00eempotriva multor tipuri diferite de\nbacterii, cre\u0219te probabilitatea ca o varietate mare de bacterii s\u0103 devin\u0103\nrezistente.<\/p>\n\n\n\n<p>Dac\u0103\nbacteriile sunt rezistente la mai multe antibiotice \u00een acela\u0219i timp, ele sunt\nnumite bacterii multirezistente. <\/p>\n\n\n\n<p>Bacteriile\nmultirezistente se g\u0103sesc adesea \u00een spitale, deoarece exist\u0103 foarte multe\nmicrorganisme&nbsp; \u00een spitale \u0219i multe antibiotice diferite sunt utilizate. <\/p>\n\n\n\n<p>Prin urmare,\neste foarte important ca regulile de\nigien\u0103 din spitale s\u0103 fie respectate cu aten\u021bie \u2013 \u0219i\nacest lucru ajut\u0103 la prevenirea rezisten\u021bei bacteriilor.<\/p>\n\n\n\n<p>Care sunt\nbacteriile rezistente la antibiotice \u0219i de ce sunt periculoase?<\/p>\n\n\n\n<p>Tulpinile\nbacteriilor \u201estreptococi\u201d \u0219i \u201estafilococi\u201d sunt adesea rezistente la antibiotice.\nUn exemplu este Stafilococul auriu rezistent la meticilin\u0103 .<\/p>\n\n\n\n<p>Tulpinile\nrezistente de bacterii nu mai pot fi tratate cu succes cu antibiotice \u0219i se pot\nmultiplica liber. Infec\u021biile cauzate de aceste bacterii dureaz\u0103 mult mai mult\npentru a se trata. Acest lucru poate avea consecin\u021be grave, \u00een special pentru\ncopiii mici \u0219i persoanele cu imunitatea scazuta, cum ar fi persoanele \u00een v\u00e2rst\u0103\n\u0219i bolnavii cronici.<\/p>\n\n\n\n<p>Sfaturi de\ncare trebuie sa tineti cont atunci cand urmati un tratament cu antibiotice.<\/p>\n\n\n\n<p>Este important\ns\u0103 cunoa\u0219te\u021bi urm\u0103toarele aspecte atunci c\u00e2nd urmati un tratament cu\nantibiotice:<\/p>\n\n\n\n<ul><li>Comprimatele\npot fi injumatatite numai daca exista o linie mediana pentru rupere iar\ninjumatatirea comprimatelor este avizata in prospect.<\/li><li>Antibioticele\nsunt administrate de obicei cu ap\u0103, deoarece administrarea lor \u00eempreun\u0103 cu\nsucuri de fructe, produse lactate sau alcool pot afecta modul \u00een care\norganismul absoarbe unele medicamente, inclusiv antibioticele. Dup\u0103\nadministrarea de antibiotice, este posibil s\u0103 trebuiasc\u0103 s\u0103 a\u0219tepta\u021bi p\u00e2n\u0103 la\ntrei ore \u00eenainte de a consuma sau a bea orice produs lactat. Sucul de\ngrapefruit \u0219i suplimentele alimentare care con\u021bin minerale precum calciul pot,\nde asemenea afecta eficacitatea antibioticelor.&nbsp; Aceste aspecte depind si\nde tipul de antibiotic folosit. Va rog, consultati prospectul sau intrebati\nmedicul sau farmacistul.<\/li><li>Administrarea\nantibioticelor se face la 24h sau 12h sau 8h chiar si la 6h. Va rog respectati\nindicatiile medicului dvs. De asemenea, unele antibiotice se iau inainte sau\ndupa masa, consultati prospectul sau discutati cu medicul sau farmacistul.<\/li><li>Deoarece\nantibioticele pot interac\u021biona cu alte medicamente, este important s\u0103 ii\nspune\u021bi medicului dumneavoastr\u0103 dac\u0103 lua\u021bi \u0219i alte medicamente.<\/li><\/ul>\n\n\n\n<p>Antibioticele\nnu sunt \u00eentotdeauna r\u0103spunsul.<\/p>\n\n\n\n<p>Pentru a\ncombate rezisten\u021ba la antibiotice \u0219i a evita reac\u021biile adverse, trebuie s\u0103\nutiliz\u0103m antibioticele \u00een mod corespunz\u0103tor. Aceasta \u00eenseamn\u0103 utilizarea\nantibioticelor numai atunci c\u00e2nd este necesar \u0219i, dac\u0103 este necesar, utilizarea\ncorect\u0103 a acestora.<\/p>\n\n\n\n<p>Tabelul\nbolilor si necesitatea tratamentului cu antibiotic.<\/p>\n\n\n\n<table class=\"wp-block-table\"><tbody><tr><td>\n  Boala\/ Afectiune\n  <\/td><td>\n  Cauza\n  (Virus\/ bacterie)\n  <\/td><td>\n  Antibiotic?\n  (Da\/Nu)\n  <\/td><\/tr><tr><td>\n  Raceala\n  <\/td><td>\n  Virus\n  <\/td><td>\n  Nu\n  <\/td><\/tr><tr><td>\n  Bronsita\/ raceala la plamani\n  <\/td><td>\n  Virus\n  <\/td><td>\n  Nu\n  <\/td><\/tr><tr><td>\n  Tuse convulsiva\n  <\/td><td>\n  Bacterie\n  <\/td><td>\n  Da\n  <\/td><\/tr><tr><td>\n  Gripa\n  <\/td><td>\n  Virus\n  <\/td><td>\n  Nu\n  <\/td><\/tr><tr><td>\n  Durere in gat si febra cauzata de infectia cu streptococi\n  <\/td><td>\n  Bacterie\n  <\/td><td>\n  Da\n  <\/td><\/tr><tr><td>\n  Durere in gat\n  <\/td><td>\n  Virus\n  <\/td><td>\n  Nu\n  <\/td><\/tr><tr><td>\n  Otita medie\n  <\/td><td>\n  Virus\n  <\/td><td>\n  Nu\n  <\/td><\/tr><tr><td>\n  Infectii ale tractului urinar\n  <\/td><td>\n  Bacterie\n  <\/td><td>\n  Da\n  <\/td><\/tr><\/tbody><\/table>\n\n\n\n<p><br>\nAntibioticele nu lupt\u0103 \u00eempotriva infec\u021biilor cauzate de viru\u0219i precum r\u0103celile,\ngripa, g\u00e2tul inflamat \u0219i bron\u0219ita. Chiar \u0219i multe infec\u021bii ale sinusurilor \u0219i\nurechilor se pot trata f\u0103r\u0103 antibiotice.<\/p>\n\n\n\n<p>Administrarea\nde antibiotice pentru infec\u021biile virale, cum sunt r\u0103celile, gripa, g\u00e2tul\ninflamat \u0219i bron\u0219ita:<\/p>\n\n\n\n<ul><li>Nu va vindeca infec\u021bia.<\/li><li>Nu va \u00eempiedica raspandirea bolii.<\/li><li>Nu v\u0103 va ajuta s\u0103 v\u0103 sim\u021bi\u021bi mai bine.<\/li><li>Poate provoca\nreactii adverse inutile.<\/li><li>Poate\ncontribui la rezisten\u021ba la antibiotice.<\/li><\/ul>\n\n\n\n<p>Odihna,\naportul de fluide \u0219i medicamentele f\u0103r\u0103 prescrip\u021bie medical\u0103 (OTC) pot fi cele\nmai bune op\u021biuni de tratament pentru simptomele asociate infec\u021biilor virale. Chiar si in\ncazul medicamentelor fara prescriptie medicala cititi prospectul si intrebati\nmedicul\/ farmacistul daca aveti nelamuriri.<\/p>\n\n\n\n<p>Ce puteti\nface in cazul unei infectii virale:<\/p>\n\n\n\n<p>Pentru a v\u0103\nsim\u021bi mai bine atunci c\u00e2nd dumneavoastr\u0103 sau copilul dumneavoastr\u0103 ave\u021bi o\ninfec\u021bie viral\u0103:<\/p>\n\n\n\n<ul><li>Adresa\u021bi-v\u0103\nmedicului&nbsp; sau farmacistului dumneavoastr\u0103 \u00een leg\u0103tur\u0103 cu op\u021biunile de\ntratament care pot ajuta la reducerea simptomelor.<\/li><li>Consumati mai\nmulte lichide.<\/li><li>Odihniti-va.<\/li><li>Utilizati un\numidificator cu vapori reci sau spray-uri nazale cu apa de mare pentru a usura\ncongestia nazala.<\/li><li>Pentru\ndurerile in gat utilizati pastile de supt sau spray-uri cu substante\nanalgezice, antibacteriene,anestezice locale, disponibile in farmacii. (Nu\nadministrati pastile de supt la copiii mai mici de 6 ani).<\/li><li>Utiliza\u021bi\nmierea pentru a ameliora tusea si pentru efectul sau antimicrobian. (Nu da\u021bi\nmiere unui copil cu v\u00e2rsta de sub un an.)<\/li><li>Dac\u0103 sunte\u021bi\ndiagnosticat cu gripa, exist\u0103 medicamente antivirale \u00eempotriva gripei, care\nsunt disponibile numai cu prescriptie medicala. Exemple: Zanamivir,oseltamivir.<\/li><\/ul>\n\n\n\n<p class=\"has-medium-font-size\"><strong>Sfaturi pentru prevenirea infec\u021biilor:<\/strong><\/p>\n\n\n\n<p>1.Sp\u0103la\u021bi-v\u0103\ndes pe maini<\/p>\n\n\n\n<ul><li>Folosi\u021bi\ns\u0103pun \u0219i ap\u0103.<\/li><li>Sp\u0103la\u021bi-va\npentru cel pu\u021bin 20 de secunde.<\/li><li>Utiliza\u021bi un\ngel pentru maini pe baz\u0103 de alcool dac\u0103 sapunul si apa nu sunt disponibile.<\/li><li>Sp\u0103la\u021bi-va pe\nmaini \u00eenainte de a prepara sau consuma alimentele.<\/li><li>Sp\u0103la\u021bi-v\u0103 pe\nmaini dup\u0103 folosirea toaletei, dupa ce ati schimbat scutecul, dupa str\u0103nut,\ndupa tuse, dupa aruncarea gunoiului \u0219i \u00eentoarcerea acas\u0103 din locurile publice.<\/li><li>Sp\u0103la\u021bi-va\n\u00eenainte \u0219i dup\u0103 tratarea unei t\u0103ieturi sau rani sau \u00een apropierea unei persoane\nbolnave.<\/li><\/ul>\n\n\n\n<p>2.Acasa<\/p>\n\n\n\n<ul><li>Nu \u00eemp\u0103r\u021bi\u021bi\nobiecte personale, cum ar fi prosoapele, lamele de ras, pensetele \u0219i\ninstrumentele de t\u0103iat unghiile.<\/li><li>P\u0103stra\u021bi\nbuc\u0103t\u0103ria \u0219i b\u0103ile curate.<\/li><li>Nu pune\u021bi pe\nmesele de buc\u0103t\u0103rie, pungi sau genti cu care ati fost afara.<\/li><li>Sp\u0103la\u021bi\nr\u0103nile cu s\u0103pun \u0219i ap\u0103. Puteti utiliza produse cu antibiotice f\u0103r\u0103 prescrip\u021bie\nmedical\u0103, cum ar fi neomicina sau bacitracina, pentru aplicare cutanata.<\/li><\/ul>\n\n\n\n<p>Autor: Sara Saijari<\/p>\n\n\n\n<div class=\"wp-block-media-text alignwide has-media-on-the-right\" style=\"grid-template-columns:auto 44%\"><figure class=\"wp-block-media-text__media\"><img decoding=\"async\" loading=\"lazy\" width=\"618\" height=\"360\" src=\"http:\/\/spitalbicaz.ro\/wp-content\/uploads\/2019\/03\/pastile.jpg\" alt=\"\" class=\"wp-image-4805\" srcset=\"https:\/\/www.spitalbicaz.ro\/wp-content\/uploads\/2019\/03\/pastile.jpg 618w, https:\/\/www.spitalbicaz.ro\/wp-content\/uploads\/2019\/03\/pastile-300x175.jpg 300w, https:\/\/www.spitalbicaz.ro\/wp-content\/uploads\/2019\/03\/pastile-304x177.jpg 304w\" sizes=\"(max-width: 618px) 100vw, 618px\" \/><\/figure><div class=\"wp-block-media-text__content\">\n<p style=\"font-size:28px;text-align:center\" class=\"has-text-color has-background has-very-light-gray-color has-vivid-red-background-color\"><strong><a href=\"http:\/\/spitalbicaz.ro\/wp-content\/uploads\/2019\/03\/Cand-sunt-folosite-antibioticele.pdf\">C\u00e2nd sunt folosite antibioticele\u00a0?<\/a><\/strong><\/p>\n<\/div><\/div>\n\n\n\n<hr class=\"wp-block-separator\"\/>\n\n\n\n<div class=\"wp-block-media-text alignwide\" style=\"grid-template-columns:28% auto\"><figure class=\"wp-block-media-text__media\"><img decoding=\"async\" loading=\"lazy\" width=\"490\" height=\"155\" src=\"http:\/\/spitalbicaz.ro\/wp-content\/uploads\/2019\/03\/Capture-1.jpg\" alt=\"\" class=\"wp-image-4804\" srcset=\"https:\/\/www.spitalbicaz.ro\/wp-content\/uploads\/2019\/03\/Capture-1.jpg 490w, https:\/\/www.spitalbicaz.ro\/wp-content\/uploads\/2019\/03\/Capture-1-300x95.jpg 300w, https:\/\/www.spitalbicaz.ro\/wp-content\/uploads\/2019\/03\/Capture-1-304x96.jpg 304w\" sizes=\"(max-width: 490px) 100vw, 490px\" \/><\/figure><div class=\"wp-block-media-text__content\">\n<p style=\"font-size:23px;text-align:center\" class=\"has-text-color has-background has-very-light-gray-color has-vivid-red-background-color\"><strong><a href=\"http:\/\/spitalbicaz.ro\/wp-content\/uploads\/2019\/03\/Cand-trebuie-sa-urmam-un-tratament-cu-Antibiotic-si-cand-Nu.pdf\">C\u00e2nd trebuie s\u0103<\/a><\/strong><a href=\"http:\/\/spitalbicaz.ro\/wp-content\/uploads\/2019\/03\/Cand-trebuie-sa-urmam-un-tratament-cu-Antibiotic-si-cand-Nu.pdf\"> <\/a><strong><a href=\"http:\/\/spitalbicaz.ro\/wp-content\/uploads\/2019\/03\/Cand-trebuie-sa-urmam-un-tratament-cu-Antibiotic-si-cand-Nu.pdf\"> urm<\/a><\/strong><strong><a href=\"http:\/\/spitalbicaz.ro\/wp-content\/uploads\/2019\/03\/Cand-trebuie-sa-urmam-un-tratament-cu-Antibiotic-si-cand-Nu.pdf\">\u0103<\/a><\/strong><strong><a href=\"http:\/\/spitalbicaz.ro\/wp-content\/uploads\/2019\/03\/Cand-trebuie-sa-urmam-un-tratament-cu-Antibiotic-si-cand-Nu.pdf\">m un tratament cu Antibiotic \u0219i c\u00e2nd Nu?<\/a><\/strong><\/p>\n<\/div><\/div>\n\n\n\n<hr class=\"wp-block-separator\"\/>\n\n\n\n<div class=\"wp-block-media-text alignwide\" style=\"grid-template-columns:40% auto\"><figure class=\"wp-block-media-text__media\"><img decoding=\"async\" loading=\"lazy\" width=\"705\" height=\"960\" src=\"http:\/\/spitalbicaz.ro\/wp-content\/uploads\/2019\/03\/11ant.jpg\" alt=\"\" class=\"wp-image-4803\" srcset=\"https:\/\/www.spitalbicaz.ro\/wp-content\/uploads\/2019\/03\/11ant.jpg 705w, https:\/\/www.spitalbicaz.ro\/wp-content\/uploads\/2019\/03\/11ant-220x300.jpg 220w, https:\/\/www.spitalbicaz.ro\/wp-content\/uploads\/2019\/03\/11ant-147x200.jpg 147w\" sizes=\"(max-width: 705px) 100vw, 705px\" \/><\/figure><div class=\"wp-block-media-text__content\">\n<p style=\"font-size:26px;text-align:center\" class=\"has-text-color has-background has-very-light-gray-color has-vivid-red-background-color\"><strong><a href=\"http:\/\/spitalbicaz.ro\/wp-content\/uploads\/2019\/03\/11-din-cele-mai-bune-antibiotice-naturale.pdf\">11 din cele mai bune antibiotice naturale de pe planet\u0103 \u0219i modalit\u0103\u021bi de utilizare a lor<\/a><\/strong><\/p>\n<\/div><\/div>\n\n\n\n<hr class=\"wp-block-separator\"\/>\n\n\n\n<div style=\"height:100px\" aria-hidden=\"true\" class=\"wp-block-spacer\"><\/div>\n","protected":false},"excerpt":{"rendered":"<p>Utilizarea responsabil\u0103 a antibioticelor Majoritatea oamenilor \u0219tiu c\u0103 antibioticele sunt folosite pentru tratarea diferitelor tipuri de infec\u021bii. De-a lungul timpului, milioane de vie\u021bi au fost salvate datorit\u0103 folosirii lor. Ceea ce \u00eens\u0103 nu \u0219tie mult\u0103 lume, este faptul c\u0103 ele nu sunt eficiente \u00een toate cazurile \u00een care este prezent\u0103 o infec\u021bie, mai ales dac\u0103 [&hellip;]<\/p>\n","protected":false},"author":1,"featured_media":0,"parent":3504,"menu_order":0,"comment_status":"closed","ping_status":"closed","template":"","meta":{"_et_pb_use_builder":"","_et_pb_old_content":"","_et_gb_content_width":"","_lmt_disableupdate":"","_lmt_disable":""},"_links":{"self":[{"href":"https:\/\/www.spitalbicaz.ro\/index.php?rest_route=\/wp\/v2\/pages\/4779"}],"collection":[{"href":"https:\/\/www.spitalbicaz.ro\/index.php?rest_route=\/wp\/v2\/pages"}],"about":[{"href":"https:\/\/www.spitalbicaz.ro\/index.php?rest_route=\/wp\/v2\/types\/page"}],"author":[{"embeddable":true,"href":"https:\/\/www.spitalbicaz.ro\/index.php?rest_route=\/wp\/v2\/users\/1"}],"replies":[{"embeddable":true,"href":"https:\/\/www.spitalbicaz.ro\/index.php?rest_route=%2Fwp%2Fv2%2Fcomments&post=4779"}],"version-history":[{"count":12,"href":"https:\/\/www.spitalbicaz.ro\/index.php?rest_route=\/wp\/v2\/pages\/4779\/revisions"}],"predecessor-version":[{"id":4809,"href":"https:\/\/www.spitalbicaz.ro\/index.php?rest_route=\/wp\/v2\/pages\/4779\/revisions\/4809"}],"up":[{"embeddable":true,"href":"https:\/\/www.spitalbicaz.ro\/index.php?rest_route=\/wp\/v2\/pages\/3504"}],"wp:attachment":[{"href":"https:\/\/www.spitalbicaz.ro\/index.php?rest_route=%2Fwp%2Fv2%2Fmedia&parent=4779"}],"curies":[{"name":"wp","href":"https:\/\/api.w.org\/{rel}","templated":true}]}}