{"id":449,"date":"2015-10-26T11:07:17","date_gmt":"2015-10-26T09:07:17","guid":{"rendered":"http:\/\/spitalbicaz.ro\/?page_id=449"},"modified":"2026-04-03T10:16:37","modified_gmt":"2026-04-03T07:16:37","slug":"medicina-interna","status":"publish","type":"page","link":"https:\/\/www.spitalbicaz.ro\/?page_id=449","title":{"rendered":"Medicin\u0103 intern\u0103"},"content":{"rendered":"<p><span style=\"color: #000000;\">Activitatea Compartimentului Medicin\u0103 intern\u0103 pune accentul pe abordarea global\u0103 a pacientului, cu o viziune unitar\u0103 asupra st\u0103rii sale de s\u0103n\u0103tate.<\/span><br \/><span style=\"color: #000000;\">Activitatea medical\u0103 este fundamental\u0103 pentru func\u021bionarea spitalului deoarece, prin examinarea \u0219i studiul condi\u021biilor generale ale pacientului, se permite evaluarea riscului medical \u0219i planul corect de tratament \u00een fazele ulterioare de specialitate.<\/span><\/p>\n<p><span style=\"color: #000000;\"><strong>Total paturi: 18 din care<\/strong><\/span><\/p>\n<ul>\n<li><span style=\"color: #000000;\"><strong>Medicin\u0103 intern\u0103: 6 paturi<\/strong><\/span><\/li>\n<li><span style=\"color: #000000;\"><strong>Cardiologie: 6 paturi<\/strong><\/span><\/li>\n<li><span style=\"color: #000000;\"><strong>Neurologie: 6 paturi<\/strong><\/span><\/li>\n<\/ul>\n<h5 class=\"has-text-color has-medium-font-size has-vivid-red-color\"><span style=\"font-size: 18pt; font-family: Arial, Helvetica, sans-serif; color: #000000;\"><strong>Dr. NEM\u021aI\u0218OR IRINA ELENA<\/strong><\/span><\/h5>\n<p><span style=\"color: #000000;\"><strong>Medic specialist medicin\u0103 intern\u0103<\/strong><\/span><\/p>\n<h5>TE<span style=\"color: #000000;\">L:<strong> \u00a00729.033.450<\/strong><\/span><\/h5>\n<p>e-mail: interne@spitalbicaz.ro<\/p>\n<p>\u00a0<\/p>\n<h5><span style=\"font-size: 18pt; color: #000000;\"><strong>PROGRAM\u00a0<\/strong><\/span><\/h5>\n\n\n<figure class=\"wp-block-table is-style-stripes\"><table><tbody><tr><td><strong>SPITAL<\/strong><\/td><td class=\"has-text-align-center\" data-align=\"center\">Luni-Vineri<\/td><td class=\"has-text-align-center\" data-align=\"center\">7:00 &#8211; 9:00<br>11,00 &#8211; 14:00<\/td><\/tr><tr><td><strong>AMBULATORIU INTEGRAT<\/strong><\/td><td class=\"has-text-align-center\" data-align=\"center\">Luni-Vineri<\/td><td class=\"has-text-align-center\" data-align=\"center\">9,00 &#8211; 11,00<\/td><\/tr><\/tbody><\/table><\/figure>\n\n\n<h2><span style=\"color: #000000;\">Cardiologie<\/span><\/h2>\n<h5 class=\"has-text-color has-medium-font-size has-vivid-red-color\"><span style=\"font-size: 18pt; font-family: Arial, Helvetica, sans-serif; color: #000000;\"><strong>Dr. CHETREANU LUCIA<\/strong><\/span><\/h5>\n<p><span style=\"color: #000000;\"><strong>Medic specialist cardiologie<\/strong><\/span><\/p>\n<p>e-mail: cardiologie@spitalbicaz.ro<\/p>\n<h5><strong>TEL:&nbsp; <\/strong><strong>0720.006.528<\/strong><\/h5>\n\n\n<p><\/p>\n\n\n\n<h2 class=\"wp-block-heading\"><mark style=\"background-color:rgba(0, 0, 0, 0)\" class=\"has-inline-color has-very-dark-gray-color\">PROGRAM\u00a0<\/mark><\/h2>\n\n\n\n<figure class=\"wp-block-table is-style-stripes\"><table><tbody><tr><td><strong>SPITAL<\/strong><\/td><td><strong>LUNI, MARTI, JOI, VINERI<\/strong><br>MIERCURI<\/td><td>8:00 \u2013 10:00 \/ 12:00 &#8211; 15:00<br>13:00 -15:00 \/ 17:00 &#8211; 30:00<\/td><\/tr><tr><td><\/td><td><\/td><td><\/td><\/tr><tr><td>AMBULATOR<\/td><td>LUNI, MSRT\u021aI, JOI, VINERI<br>MIERCURI<\/td><td>10:00 &#8211; 12:00<br>15:00 &#8211; 17:00<\/td><\/tr><\/tbody><\/table><\/figure>\n\n\n\n<p><\/p>\n\n\n\n<h2 class=\"wp-block-heading\"><strong><span class=\"has-inline-color has-very-dark-gray-color\">Neurologie<\/span><\/strong><\/h2>\n\n\n<h5><span style=\"color: #000000;\"><strong><span style=\"font-size: 18pt; font-family: Arial, Helvetica, sans-serif;\">Dr. SANDU ELENA NICOLETA<\/span><\/strong><\/span><\/h5>\n<p><strong><span style=\"color: #000000;\">Medic specialist neurologie<\/span><\/strong><\/p>\n<p>e-mail: neurologie@spitalbicaz.ro<\/p>\n<h5>TEL: <strong>0735.862.199<\/strong><\/h5>\n\n\n<h2 class=\"wp-block-heading\"><strong><span class=\"has-inline-color has-very-dark-gray-color\">PROGRAM&nbsp;<\/span><\/strong><\/h2>\n\n\n\n<figure class=\"wp-block-table is-style-stripes\"><table><tbody><tr><td><strong><span class=\"has-inline-color has-very-dark-gray-color\">SPITAL<\/span><\/strong><\/td><td class=\"has-text-align-center\" data-align=\"center\"><span class=\"has-inline-color has-very-dark-gray-color\"><strong>LUNI &#8211; VINERI<\/strong><\/span><\/td><td class=\"has-text-align-center\" data-align=\"center\">8,00 \u2013 12,00<br>14,00 &#8211; 15,00<\/td><\/tr><tr><td><strong><span class=\"has-inline-color has-very-dark-gray-color\">AMBULATORIU INTEGRAT<\/span><\/strong><\/td><td class=\"has-text-align-center\" data-align=\"center\"><span class=\"has-inline-color has-very-dark-gray-color\"><strong>LUNI &#8211; VINERI<\/strong><\/span><\/td><td class=\"has-text-align-center\" data-align=\"center\">12,00 &#8211; 14,00<\/td><\/tr><\/tbody><\/table><\/figure>\n\n\n\n<p><\/p>\n","protected":false},"excerpt":{"rendered":"<p>Activitatea Compartimentului Medicin\u0103 intern\u0103 pune accentul pe abordarea global\u0103 a pacientului, cu o viziune unitar\u0103 asupra st\u0103rii sale de s\u0103n\u0103tate.Activitatea medical\u0103 este fundamental\u0103 pentru func\u021bionarea spitalului deoarece, prin examinarea \u0219i studiul condi\u021biilor generale ale pacientului, se permite evaluarea riscului medical \u0219i planul corect de tratament \u00een fazele ulterioare de specialitate. Total paturi: 18 din care [&hellip;]<\/p>\n","protected":false},"author":1,"featured_media":2949,"parent":0,"menu_order":0,"comment_status":"closed","ping_status":"closed","template":"","meta":{"_et_pb_use_builder":"off","_et_pb_old_content":"<h3><span style=\"color: #000000;\"><strong>COMPARTIMENTUL MEDICIN\u0102 \u00a0INTERN\u0102\u00a0<\/strong><\/span><\/h3>\nActivitatea Compartimentului Medicin\u0103 intern\u0103 pune accentul pe abordarea global\u0103 a pacientului, cu o viziune unitar\u0103 asupra st\u0103rii sale de s\u0103n\u0103tate.\nActivitatea medical\u0103 este fundamental\u0103 pentru func\u021bionarea spitalului deoarece, prin examinarea \u0219i studiul condi\u021biilor generale ale pacientului, se permite evaluarea riscului medical \u0219i planul corect de tratament \u00een fazele ulterioare de specialitate.\n\n<strong>Total paturi: 27, din care<\/strong><strong>\nMedicin\u0103 intern\u0103: 12 paturi<\/strong>\n\n<strong>Cardiologie: 5 paturi<\/strong>\n\n<strong>Neurologie: 10 paturi<\/strong>\n<h5 class=\"has-text-color has-medium-font-size has-vivid-red-color\"><span style=\"font-size: 18pt; font-family: Arial, Helvetica, sans-serif; color: #000000;\"><strong>Dr. Dusica-Teodoru RADU<\/strong><\/span><\/h5>\n<span style=\"color: #000000;\">Medic specialist medicin\u0103 intern\u0103<\/span>\n<h5>TE<span style=\"color: #000000;\">L:<strong>\u00a0\u00a00723.144.748<\/strong><\/span><\/h5>\n<h5><span style=\"font-size: 18pt; color: #000000;\"><strong>PROGRAM\u00a0<\/strong><\/span><\/h5>\n<table width=\"567\">\n<tbody>\n<tr>\n<td width=\"236\"><strong>SPITAL<\/strong><\/td>\n<td width=\"142\">\n<p style=\"text-align: center;\">Luni-Vineri<\/p>\n<\/td>\n<td width=\"189\">\n<p style=\"text-align: center;\">7,30 \u2013 9,30<\/p>\n<\/td>\n<\/tr>\n<tr>\n<td width=\"236\"><strong>AMBULATORIU INTEGRAT<\/strong><\/td>\n<td width=\"142\">\n<p style=\"text-align: center;\">Luni-Vineri<\/p>\n<\/td>\n<td width=\"189\">\n<p style=\"text-align: center;\">9,30 - 12,00<\/p>\n<\/td>\n<\/tr>\n<\/tbody>\n<\/table>","_et_gb_content_width":"","_lmt_disableupdate":"no","_lmt_disable":""},"_links":{"self":[{"href":"https:\/\/www.spitalbicaz.ro\/index.php?rest_route=\/wp\/v2\/pages\/449"}],"collection":[{"href":"https:\/\/www.spitalbicaz.ro\/index.php?rest_route=\/wp\/v2\/pages"}],"about":[{"href":"https:\/\/www.spitalbicaz.ro\/index.php?rest_route=\/wp\/v2\/types\/page"}],"author":[{"embeddable":true,"href":"https:\/\/www.spitalbicaz.ro\/index.php?rest_route=\/wp\/v2\/users\/1"}],"replies":[{"embeddable":true,"href":"https:\/\/www.spitalbicaz.ro\/index.php?rest_route=%2Fwp%2Fv2%2Fcomments&post=449"}],"version-history":[{"count":62,"href":"https:\/\/www.spitalbicaz.ro\/index.php?rest_route=\/wp\/v2\/pages\/449\/revisions"}],"predecessor-version":[{"id":9395,"href":"https:\/\/www.spitalbicaz.ro\/index.php?rest_route=\/wp\/v2\/pages\/449\/revisions\/9395"}],"wp:featuredmedia":[{"embeddable":true,"href":"https:\/\/www.spitalbicaz.ro\/index.php?rest_route=\/wp\/v2\/media\/2949"}],"wp:attachment":[{"href":"https:\/\/www.spitalbicaz.ro\/index.php?rest_route=%2Fwp%2Fv2%2Fmedia&parent=449"}],"curies":[{"name":"wp","href":"https:\/\/api.w.org\/{rel}","templated":true}]}}