{"id":361,"date":"2015-10-13T15:49:08","date_gmt":"2015-10-13T13:49:08","guid":{"rendered":"http:\/\/spitalbicaz.ro\/?page_id=361"},"modified":"2025-04-16T13:21:10","modified_gmt":"2025-04-16T10:21:10","slug":"organigrama","status":"publish","type":"page","link":"https:\/\/www.spitalbicaz.ro\/?page_id=361","title":{"rendered":"Structura Organizatoric\u0103"},"content":{"rendered":"<p><span style=\"color: #000000;\"><strong>Spitalul Or\u0103\u0219enesc \u201dSf. Ierarh Nicolae\u201d Bicaz<\/strong> este o unitate sanitar\u0103 cu paturi (66 paturi internare \u00een regim continuu + 10 paturi pentru spitali<\/span><span style=\"color: #000000;\">zare de zi) structurat pe dou\u0103 unit\u0103\u021bi func\u021bionale \u0219i \u0219ase compartimente \u00een structura aprobat\u0103 de Ministerul S\u0103n\u0103t\u0103\u021bii.<\/span><\/p>\n<ol>\n<li>Compartiment medicin\u0103 intern\u0103, din care:\u00a0 \u00a0 \u00a0 \u00a0 \u00a0 \u00a0 \u00a0 \u00a0 \u00a0 \u00a0 \u00a0 \u00a0 \u00a0 \u00a0 \u00a0 \u00a0 \u00a0 \u00a0 \u00a0 \u00a0 \u00a0 \u00a0 \u00a0 18 paturi<br \/>\n&#8211; Cardiologie\u00a0 \u00a0 \u00a0 \u00a0 \u00a0 \u00a0 \u00a0 \u00a0 \u00a0 \u00a0 \u00a0 \u00a0 \u00a0 \u00a0 \u00a0 \u00a0 \u00a0 \u00a0 \u00a0 \u00a0 \u00a0 \u00a0 \u00a0 \u00a0 \u00a0 \u00a0 \u00a0 \u00a0 \u00a0 \u00a0 \u00a0 \u00a0 \u00a0 \u00a0 \u00a0 \u00a0 \u00a0 \u00a0 \u00a0 \u00a0 \u00a0 \u00a0 \u00a0 \u00a0 \u00a0 \u00a0 \u00a0 \u00a0 \u00a06 paturi<br \/>\n&#8211; Neurologie\u00a0 \u00a0 \u00a0 \u00a0 \u00a0 \u00a0 \u00a0 \u00a0 \u00a0 \u00a0 \u00a0 \u00a0 \u00a0 \u00a0 \u00a0 \u00a0 \u00a0 \u00a0 \u00a0 \u00a0 \u00a0 \u00a0 \u00a0 \u00a0 \u00a0 \u00a0 \u00a0 \u00a0 \u00a0 \u00a0 \u00a0 \u00a0 \u00a0 \u00a0 \u00a0 \u00a0 \u00a0 \u00a0 \u00a0 \u00a0 \u00a0 \u00a0 \u00a0 \u00a0 \u00a0 \u00a0 \u00a0 \u00a0 \u00a06 paturi<\/li>\n<li>Compartiment Pediatrie, din care:\u00a0 \u00a0 \u00a0 \u00a0 \u00a0 \u00a0 \u00a0 \u00a0 \u00a0 \u00a0 \u00a0 \u00a0 \u00a0 \u00a0 \u00a0 \u00a0 \u00a0 \u00a0 \u00a0 \u00a0 \u00a0 \u00a0 \u00a0 \u00a0 \u00a0 \u00a0 \u00a0 \u00a0 \u00a0 \u00a0 \u00a08 paturi<br \/>\n&#8211; cronici (distrofici)\u00a0 \u00a0 \u00a0 \u00a0 \u00a0 \u00a0 \u00a0 \u00a0 \u00a0 \u00a0 \u00a0 \u00a0 \u00a0 \u00a0 \u00a0 \u00a0 \u00a0 \u00a0 \u00a0 \u00a0 \u00a0 \u00a0 \u00a0 \u00a0 \u00a0 \u00a0 \u00a0 \u00a0 \u00a0 \u00a0 \u00a0 \u00a0 \u00a0 \u00a0 \u00a0 \u00a0 \u00a0 \u00a0 \u00a0 \u00a0 \u00a0 \u00a0 \u00a0 \u00a0 1 pat<\/li>\n<li>Compartiment Recuperare, medicin\u0103 fizic\u0103 \u0219i balneologie, din care:\u00a0 \u00a0 13 paturi<br \/>\n&#8211; recuperare medical\u0103 neurologie\u00a0 \u00a0 \u00a0 \u00a0 \u00a0 \u00a0 \u00a0 \u00a0 \u00a0 \u00a0 \u00a0 \u00a0 \u00a0 \u00a0 \u00a0 \u00a0 \u00a0 \u00a0 \u00a0 \u00a0 \u00a0 \u00a0 \u00a0 \u00a0 \u00a0 \u00a0 \u00a0 \u00a0 \u00a0 \u00a0 \u00a0 \u00a02 paturi<\/li>\n<li>Compartiment obstetric\u0103-ginecologie\u00a0 \u00a0 \u00a0 \u00a0 \u00a0 \u00a0 \u00a0 \u00a0 \u00a0 \u00a0 \u00a0 \u00a0 \u00a0 \u00a0 \u00a0 \u00a0 \u00a0 \u00a0 \u00a0 \u00a0 \u00a0 \u00a0 \u00a0 \u00a0 \u00a0 \u00a0 \u00a0 \u00a0 \u00a07 paturi<\/li>\n<li>Compartiment chirurgie general\u0103, din care:\u00a0 \u00a0 \u00a0 \u00a0 \u00a0 \u00a0 \u00a0 \u00a0 \u00a0 \u00a0 \u00a0 \u00a0 \u00a0 \u00a0 \u00a0 \u00a0 \u00a0 \u00a0 \u00a0 \u00a0 \u00a0 \u00a0 \u00a0 8 paturi<br \/>\n&#8211; ORL\u00a0 \u00a0 \u00a0 \u00a0 \u00a0 \u00a0 \u00a0 \u00a0 \u00a0 \u00a0 \u00a0 \u00a0 \u00a0 \u00a0 \u00a0 \u00a0 \u00a0 \u00a0 \u00a0 \u00a0 \u00a0 \u00a0 \u00a0 \u00a0 \u00a0 \u00a0 \u00a0 \u00a0 \u00a0 \u00a0 \u00a0 \u00a0 \u00a0 \u00a0 \u00a0 \u00a0 \u00a0 \u00a0 \u00a0 \u00a0 \u00a0 \u00a0 \u00a0 \u00a0 \u00a0 \u00a0 \u00a0 \u00a0 \u00a0 \u00a0 \u00a0 \u00a0 \u00a0 \u00a0 \u00a0 2 paturi<br \/>\n&#8211; ATI\u00a0 \u00a0 \u00a0 \u00a0 \u00a0 \u00a0 \u00a0 \u00a0 \u00a0 \u00a0 \u00a0 \u00a0 \u00a0 \u00a0 \u00a0 \u00a0 \u00a0 \u00a0 \u00a0 \u00a0 \u00a0 \u00a0 \u00a0 \u00a0 \u00a0 \u00a0 \u00a0 \u00a0 \u00a0 \u00a0 \u00a0 \u00a0 \u00a0 \u00a0 \u00a0 \u00a0 \u00a0 \u00a0 \u00a0 \u00a0 \u00a0 \u00a0 \u00a0 \u00a0 \u00a0 \u00a0 \u00a0 \u00a0 \u00a0 \u00a0 \u00a0 \u00a0 \u00a0 \u00a0 \u00a0 \u00a02 paturi<\/li>\n<li>Compartiment geriatrie-gerontologie\u00a0 \u00a0 \u00a0 \u00a0 \u00a0 \u00a0 \u00a0 \u00a0 \u00a0 \u00a0 \u00a0 \u00a0 \u00a0 \u00a0 \u00a0 \u00a0 \u00a0 \u00a0 \u00a0 \u00a0 \u00a0 \u00a0 \u00a0 \u00a0 \u00a0 \u00a0 \u00a0 \u00a0 \u00a05 paturi<\/li>\n<li>Compartiment \u00eengrijiri paliative\u00a0 \u00a0 \u00a0 \u00a0 \u00a0 \u00a0 \u00a0 \u00a0 \u00a0 \u00a0 \u00a0 \u00a0 \u00a0 \u00a0 \u00a0 \u00a0 \u00a0 \u00a0 \u00a0 \u00a0 \u00a0 \u00a0 \u00a0 \u00a0 \u00a0 \u00a0 \u00a0 \u00a0 \u00a0 \u00a0 \u00a0 \u00a0 \u00a0 7 paturi<\/li>\n<li>Compartiment Primiri Urgen\u021be (CPU)<br \/>\nTOTAL:\u00a0 \u00a0 \u00a0 \u00a0 \u00a0 \u00a0 \u00a0 \u00a0 \u00a0 \u00a0 \u00a0 \u00a0 \u00a0 \u00a0 \u00a0 \u00a0 \u00a0 \u00a0 \u00a0 \u00a0 \u00a0 \u00a0 \u00a0 \u00a0 \u00a0 \u00a0 \u00a0 \u00a0 \u00a0 \u00a0 \u00a0 \u00a0 \u00a0 \u00a0 \u00a0 \u00a0 \u00a0 \u00a0 \u00a0 \u00a0 \u00a0 \u00a0 \u00a0 \u00a0 \u00a0 \u00a0 \u00a0 \u00a0 \u00a0 \u00a0 \u00a0 \u00a0 \u00a066 paturi<br \/>\nSpitalizare de zi\u00a0 \u00a0 \u00a0 \u00a0 \u00a0 \u00a0 \u00a0 \u00a0 \u00a0 \u00a0 \u00a0 \u00a0 \u00a0 \u00a0 \u00a0 \u00a0 \u00a0 \u00a0 \u00a0 \u00a0 \u00a0 \u00a0 \u00a0 \u00a0 \u00a0 \u00a0 \u00a0 \u00a0 \u00a0 \u00a0 \u00a0 \u00a0 \u00a0 \u00a0 \u00a0 \u00a0 \u00a0 \u00a0 \u00a0 \u00a0 \u00a0 \u00a0 \u00a0 \u00a0 \u00a0 10 paturi<br \/>\nFarmacie<br \/>\nSal\u0103 de mici interven\u021bii<br \/>\nSterilizare<br \/>\nLaborator analize medicale \u2013 servicii externalizate<br \/>\nLaborator radiologie \u0219i imagistic\u0103 medical\u0103<br \/>\nLaborator recuperare, medicin\u0103 fizic\u0103 \u0219i balneologie (baz\u0103 de tratament)<br \/>\nCabinet diabet zaharat, nutri\u021bie \u0219i boli metabolice<br \/>\nS\u0103li de tratamente<span style=\"font-size: revert;\">\u00a0 \u00a0 \u00a0 \u00a0 \u00a0 \u00a0 \u00a0 \u00a0 \u00a0 \u00a0 \u00a0 \u00a0 \u00a0 \u00a0 \u00a0\u00a0<\/span><\/li>\n<\/ol>\n<p><strong style=\"font-size: revert;\">Ambulatoriul integrat spitalului cu cabinete \u00een specialit\u0103\u021bile:<\/strong><\/p>\n<ul>\n<li>Medicin\u0103 Intern\u0103<\/li>\n<li>Cardiologie<\/li>\n<li>Neurologie<\/li>\n<li>Pediatrie<\/li>\n<li>Chirurgie General\u0103<\/li>\n<li>ORL<\/li>\n<li>Urologie<\/li>\n<li>Obstetric\u0103-ginecologie<\/li>\n<li>Oftalmologie<\/li>\n<li>Ortopedie-traumatologie<\/li>\n<li>Geriatrie-gerontologie<\/li>\n<li>\u00cengrijiri paliative<\/li>\n<\/ul>\n<p>Activit\u0103\u021bi administrative: bloc alimentar, sp\u0103l\u0103torie, \u00eentre\u021binere cl\u0103diri \u0219i repara\u021bii<\/p>\n<p>Aparat func\u021bional : Compartiment RUNOS, Compartiment aprovizionare, transport, administrativ, Serviciul administrativ, Serviciul administrativ, Compartiment contencios, Compartiment achizi\u021bii publice, Compartiment financiar-contabil, Birou managementul calit\u0103\u021bii.<\/p>\n<p>Laboratoarele deservesc at\u00e2t paturile c\u00e2t \u0219i ambulatoriul integrat.<\/p>\n","protected":false},"excerpt":{"rendered":"<p>Spitalul Or\u0103\u0219enesc \u201dSf. Ierarh Nicolae\u201d Bicaz este o unitate sanitar\u0103 cu paturi (66 paturi internare \u00een regim continuu + 10 paturi pentru spitalizare de zi) structurat pe dou\u0103 unit\u0103\u021bi func\u021bionale \u0219i \u0219ase compartimente \u00een structura aprobat\u0103 de Ministerul S\u0103n\u0103t\u0103\u021bii. Compartiment medicin\u0103 intern\u0103, din care:\u00a0 \u00a0 \u00a0 \u00a0 \u00a0 \u00a0 \u00a0 \u00a0 \u00a0 \u00a0 \u00a0 \u00a0 [&hellip;]<\/p>\n","protected":false},"author":1,"featured_media":0,"parent":0,"menu_order":0,"comment_status":"closed","ping_status":"closed","template":"","meta":{"_et_pb_use_builder":"","_et_pb_old_content":"","_et_gb_content_width":"","_lmt_disableupdate":"no","_lmt_disable":""},"_links":{"self":[{"href":"https:\/\/www.spitalbicaz.ro\/index.php?rest_route=\/wp\/v2\/pages\/361"}],"collection":[{"href":"https:\/\/www.spitalbicaz.ro\/index.php?rest_route=\/wp\/v2\/pages"}],"about":[{"href":"https:\/\/www.spitalbicaz.ro\/index.php?rest_route=\/wp\/v2\/types\/page"}],"author":[{"embeddable":true,"href":"https:\/\/www.spitalbicaz.ro\/index.php?rest_route=\/wp\/v2\/users\/1"}],"replies":[{"embeddable":true,"href":"https:\/\/www.spitalbicaz.ro\/index.php?rest_route=%2Fwp%2Fv2%2Fcomments&post=361"}],"version-history":[{"count":28,"href":"https:\/\/www.spitalbicaz.ro\/index.php?rest_route=\/wp\/v2\/pages\/361\/revisions"}],"predecessor-version":[{"id":8937,"href":"https:\/\/www.spitalbicaz.ro\/index.php?rest_route=\/wp\/v2\/pages\/361\/revisions\/8937"}],"wp:attachment":[{"href":"https:\/\/www.spitalbicaz.ro\/index.php?rest_route=%2Fwp%2Fv2%2Fmedia&parent=361"}],"curies":[{"name":"wp","href":"https:\/\/api.w.org\/{rel}","templated":true}]}}