{"id":2492,"date":"2018-05-04T11:53:18","date_gmt":"2018-05-04T08:53:18","guid":{"rendered":"http:\/\/spitalbicaz.ro\/?page_id=2492"},"modified":"2021-09-14T15:09:25","modified_gmt":"2021-09-14T12:09:25","slug":"pachetele-de-servicii-medicale-tarifele-corespunzatoare","status":"publish","type":"page","link":"https:\/\/www.spitalbicaz.ro\/?page_id=2492","title":{"rendered":"Pachetele de servicii medicale &#038; tarifele corespunz\u0103toare"},"content":{"rendered":"\n<h4 class=\"wp-block-heading\"><span style=\"font-size: 12pt;\"><strong>Informa\u021bii privind pachetele de servicii medicale \u0219i tarifele corespunz\u0103toare serviciilor medicale contractate<\/strong><\/span><\/h4>\n\n\n\n<p><span class=\"has-inline-color has-black-color\"><span style=\"font-size: 10pt;\">informa\u021biile privind pachetele de servicii medicale \u0219i tarifele corespunz\u0103toare sunt afi\u0219ate de furnizori \u00een formatul stabilit de Casa Na\u021bional\u0103 de Asigur\u0103ri de S\u0103n\u0103tate \u0219i pus la dispozi\u021bie furnizorilor de Casa de Asigur\u0103ri de S\u0103n\u0103tate Neam\u021b<\/span>.<br><span style=\"font-size: 10pt;\">Informa\u021biile sunt afi\u0219ate \u0219i pe suport de h\u00e2rtie la sediul spitalului<\/span><\/span><\/p>\n\n\n\n<hr class=\"wp-block-separator\"\/>\n\n\n\n<p><span style=\"color: #ff0000; font-size: 14pt;\"><strong style=\"text-indent: 0em;\">2021<br><\/strong><\/span><span class=\"has-inline-color has-black-color\">1.1. Criteriile pe baza c\u0103rora se efectueaz\u0103 internarea pacien\u021bilor \u00een regim de spitalizare continu\u0103 sunt:&nbsp; &nbsp; &nbsp; &nbsp; &nbsp; &nbsp; &nbsp; &nbsp; &nbsp; &nbsp; &nbsp; &nbsp; &nbsp; &nbsp; &nbsp; &nbsp; &nbsp; &nbsp; <\/span><br><span class=\"has-inline-color has-black-color\">a) urgen\u021b\u0103 medico-chirurgical\u0103 \u00een care este pus\u0103 \u00een pericol via\u021ba pacientului sau care au acest poten\u021bial p\u00e2n\u0103 la rezolvarea situa\u021biei de urgen\u021b\u0103;<br>b) boli cu poten\u021bial endemoepidemic p\u00e2n\u0103 la rezolvarea complet\u0103 a cazului;<br>c) na\u0219terea.<\/span><\/p>\n\n\n\n<p><span class=\"has-inline-color has-black-color\">1.2. Criteriile pe baza c\u0103rora se efectueaz\u0103 internarea pacien\u021bilor \u00een regim de spitalizare de zi sunt:<br>a) urgen\u0163\u0103 medico-chirurgical\u0103;&nbsp; &nbsp; <\/span>&nbsp; &nbsp; &nbsp; &nbsp; &nbsp; &nbsp; &nbsp; &nbsp; &nbsp; &nbsp;&nbsp;<\/p>\n\n\n\n<figure class=\"wp-block-table is-style-stripes\"><table><tbody><tr><td>a1)<\/td><td class=\"has-text-align-center\" data-align=\"center\"><strong><span class=\"has-inline-color has-black-color\">Tarif&nbsp; pe serviciu medical (lei)<\/span><\/strong><\/td><\/tr><tr><td><span class=\"has-inline-color has-black-color\">Urgen\u021b\u0103 medico-chirurgical\u0103 \u00een camerele de gard\u0103<\/span><\/td><td class=\"has-text-align-center\" data-align=\"center\"><span class=\"has-inline-color has-black-color\">57 lei\/pacient<\/span><\/td><\/tr><tr><td><span class=\"has-inline-color has-black-color\">Urgen\u021b\u0103 medico-chirurgical\u0103 \u00een structurile de urgen\u021b\u0103 din cadrul spitalelor pentru care finan\u021barea nu se face din bugetul Ministerului S\u0103n\u0103t\u0103\u021bii&nbsp;<\/span><\/td><td class=\"has-text-align-center\" data-align=\"center\"><span class=\"has-inline-color has-black-color\">171 lei\/pacient<\/span><\/td><\/tr><tr><td><span class=\"has-inline-color has-black-color\">a2)<\/span><\/td><td class=\"has-text-align-center\" data-align=\"center\"><strong><span class=\"has-inline-color has-black-color\">Tarif&nbsp; pe caz<br>rezolvat medical (lei)<\/span><\/strong><\/td><\/tr><tr><td><span class=\"has-inline-color has-black-color\">Avort fals&nbsp;&nbsp;<\/span><\/td><td class=\"has-text-align-center\" data-align=\"center\"><span class=\"has-inline-color has-black-color\">97,77 lei<\/span><\/td><\/tr><tr><td><span class=\"has-inline-color has-black-color\">Avort spontan incomplet, f\u0103r\u0103 complica\u021bii&nbsp;<\/span><\/td><td class=\"has-text-align-center\" data-align=\"center\"><span class=\"has-inline-color has-black-color\">98,84 lei<\/span><\/td><\/tr><tr><td><span class=\"has-inline-color has-black-color\">Plag\u0103 deschis\u0103 a degetului (degetelor) f\u0103r\u0103 v\u0103t\u0103marea unghiei&nbsp;<\/span><\/td><td class=\"has-text-align-center\" data-align=\"center\"><span class=\"has-inline-color has-black-color\">246,68 lei<\/span><\/td><\/tr><tr><td><span class=\"has-inline-color has-black-color\">Plag\u0103 deschis\u0103 a altor p\u0103r\u021bi ale pumnului \u0219i m\u00e2inii<\/span><\/td><td class=\"has-text-align-center\" data-align=\"center\"><span class=\"has-inline-color has-black-color\">245,74 lei<\/span><\/td><\/tr><\/tbody><\/table><\/figure>\n\n\n\n<ol><li>b) epidemiologic pentru bolnavii care necesit\u0103 tratament \u00een afec\u021biuni care nu necesit\u0103 izolare:<\/li><\/ol>\n\n\n\n<figure class=\"wp-block-table is-style-stripes\"><table><tbody><tr><td>\n<p>&nbsp;<\/p>\n<\/td><td> <p><strong>Tarif maximal pe <br>serviciu medical (lei)<\/strong><\/p><\/td><\/tr><tr><td> <p>Tratamentul \u015fi profilaxia rabiei cu antitetanic<\/p><\/td><td> <p>171 lei\/administrare<\/p><\/td><\/tr><tr><td> <p>Tratamentul \u015fi profilaxia rabiei f\u0103r\u0103 antitetanic<span style=\"font-family: inherit; font-size: inherit; font-weight: inherit;\"> <\/span><\/p><\/td><td> <p>111 lei\/administrare<span style=\"font-family: inherit; font-size: inherit; font-weight: inherit;\"> <\/span><\/p><\/td><\/tr><tr><td> <p>Monitorizarea sifilisului genital primar \u015fi sifilisului secundar al pielii \u015fi mucoaselor&nbsp;<\/p><\/td><td> <p>130 lei\/asigurat\/ trimestru<\/p><\/td><\/tr><\/tbody><\/table><\/figure>\n\n\n\n<p>Pentru criteriul urgen\u021b\u0103 medico-chirurgical\u0103, spitalul acord\u0103 serviciile medicale av\u00e2nd obliga\u021bia s\u0103 evalueze situa\u021bie medical\u0103 a pacientului \u0219i s\u0103 \u00eel externeze dac\u0103 serviciile medicale de urgen\u021b\u0103 nu se mai justific\u0103. Pentru spitalizarea continu\u0103, la solicitarea pacientului se poate continua internarea \u00een regim de spitalizare continu\u0103 cu suportarea cheltuielilor aferente serviciilor medicale spitalice\u0219ti de c\u0103tre pacient pentru perioada \u00een care serviciile acordate nu mai reprezint\u0103 urgen\u021b\u0103.<\/p>\n\n\n\n<p><a href=\"https:\/\/www.spitalbicaz.ro\/wp-content\/uploads\/2021\/09\/Lista-tarife-neasigurati-2021-1.pdf\" target=\"_blank\" rel=\"noreferrer noopener\">spitalbicaz.ro\/wp-content\/uploads\/2021\/09\/Lista-tarife-neasigurati-2021-1.pdf(se deschide \u00eentr-o fil\u0103 nou\u0103)<\/a><\/p>\n\n\n\n<ul><li><a href=\"https:\/\/www.spitalbicaz.ro\/wp-content\/uploads\/2021\/09\/PACHETUL-DE-BAZA-DE-SERVICII-MEDICALE-_SPITAL.pdf\">Lista afec\u021biunilor (diagnosticelor) medicale caz rezolvat medical \u00een spitalizare de zi \u0219i tarifele pe caz rezolvat medical corespunz\u0103toare<\/a><\/li><li><a href=\"https:\/\/www.spitalbicaz.ro\/wp-content\/uploads\/2021\/09\/Lista-cazurilor-rezolvate-cu-procedura-chirurgicala-in-spitalizare-de-zi-si-tarifele-pe-caz-rezolvat-.pdf\">Lista cazurilor rezolvate cu procedur\u0103 chirurgical\u0103 \u2013 \u00een spitalizare de zi \u0219i tarifele pe caz rezolvat corespunz\u0103toare<\/a><\/li><li><a href=\"https:\/\/www.spitalbicaz.ro\/wp-content\/uploads\/2021\/09\/Lista-serviciilor-medicale-in-regim-de-spitalizare-de-zi-decontate-asiguratilor-prin-tarif-pe-serviciu-medical.pdf\">Lista serviciilor medicale \u00een regim de spitalizare de zi decontate asigura\u021bilor prin tarif pe serviciu medical \u015fi pentru care \u00een vederea decont\u0103rii se \u00eenchide fi\u0219a de spitalizare de zi (FSZ) dup\u0103 terminarea vizitei\/vizitelor necesare finaliz\u0103rii serviciului medical<\/a><\/li><li><a href=\"https:\/\/www.spitalbicaz.ro\/wp-content\/uploads\/2021\/09\/Pachetul-de-baza-de-servicii-medicale-in-asistenta-medicala-spitaliceasca-pentru-afectiuni-cronice.pdf\">Pachetul de baz\u0103 de servicii medicale \u00een asisten\u021ba medical\u0103 spitaliceasc\u0103&nbsp; pentru afec\u021biuni cronice<\/a><\/li><\/ul>\n\n\n\n<p><a href=\"https:\/\/www.spitalbicaz.ro\/wp-content\/uploads\/2021\/09\/Lista-tarife-neasigurati-2021.pdf\">LISTA CU TARIFELE PENTRU SERVICIILE MEDICALE DIVERSE EFECTUATE IN AMBULATORIU PENTRU PACIEN\u021aII NEASIGURA\u021aI<\/a><\/p>\n\n\n\n\n\n<h4 class=\"wp-block-heading\"><\/h4>\n\n\n\n<hr class=\"wp-block-separator\"\/>\n\n\n\n<h4 class=\"wp-block-heading\"><span style=\"color: #ff0000; font-size: 14pt;\"><strong style=\"text-indent: 0em;\">2020<\/strong><\/span><\/h4>\n\n\n\n<p><a href=\"https:\/\/www.spitalbicaz.ro\/wp-content\/uploads\/2021\/02\/Lista-tarife-neasigurati-2021.pdf\">LISTA CU TARIFELE PENTRU SERVICIILE MEDICALE DIVERSE EFECTUATE IN AMBULATORIU PENTRU PACIEN\u021aII NEASIGURA\u021aI<\/a><\/p>\n\n\n\n<h4 class=\"wp-block-heading\">&#8211;&#8211;&#8211;&#8211;&#8211;&#8211;&#8211;&#8211;&#8211;&#8211;&#8211;&#8211;&#8211;&#8211;&#8211;&#8211;&#8211;&#8211;&#8211;&#8211;&#8211;&#8211;&#8211;&#8211;&#8211;-<\/h4>\n\n\n\n<h4 class=\"wp-block-heading\"><span style=\"color: #ff0000; font-size: 14pt;\"><strong style=\"text-indent: 0em;\">2019<\/strong><\/span><\/h4>\n\n\n\n<p><span style=\"font-size: 12pt; color: #3366ff;\"><strong>Tarife servicii medicale <\/strong><em>Spitalul Or\u0103\u0219enesc \u201eSf. Ierarh Nicolae\u201d Bicaz<\/em><\/span><\/p>\n\n\n\n<p><span style=\"font-size: 10pt;\">conform cu&nbsp; art. 7 lit. c) punctul 2, art. 24 lit. a) punctul 2, art. 42 lit. a) punctul 2, art. 59 lit. a) punctul 2, art. 74 lit. a) punctul 2, art. 92 alin. (1) lit. a) punctul 2 \u0219i art. 141 lit. a) punctul 2 din anexa 2 la H.G. nr. 140\/ 2018<\/span><\/p>\n\n\n\n<ul><li><a href=\"http:\/\/spitalbicaz.ro\/wp-content\/uploads\/2019\/09\/PACHET_MINIMAL_SPITALIZARE-CONTINUA.pdf\">Pachet minimal_SPITALIZARE CONTINUA<\/a><\/li><li><a href=\"http:\/\/spitalbicaz.ro\/wp-content\/uploads\/2019\/09\/PACHET_BAZA_LISTA-SERV-MEDIC_DECONTATE.pdf\">Pachet baza_LISTA SERV MEDIC_DECONTATE<\/a><\/li><li><a href=\"http:\/\/spitalbicaz.ro\/wp-content\/uploads\/2019\/09\/PACHET_BAZA_LISTA-AFEC_MEDICALE_REZOLVATE.pdf\">Pachet baza_LISTA AFEC_MEDICALE_REZOLVATE<\/a><\/li><li><a href=\"http:\/\/spitalbicaz.ro\/wp-content\/uploads\/2019\/09\/PACHET_BAZA_LISTA-CAZURI_CHIRURGIE-REZOLVATE.pdf\">Pachet baza_LISTA CAZURI_CHIRURGIE REZOLVATE<\/a><\/li><\/ul>\n\n\n\n<hr class=\"wp-block-separator\"\/>\n\n\n\n<hr class=\"wp-block-separator\"\/>\n\n\n\n<h4 class=\"wp-block-heading\">&#8211;&#8211;&#8211;&#8211;&#8211;&#8211;&#8211;&#8211;&#8211;&#8211;&#8211;&#8211;&#8211;&#8211;&#8211;&#8211;&#8211;&#8211;&#8211;&#8211;&#8211;&#8211;&#8211;&#8211;&#8211;-<\/h4>\n\n\n\n<h4 class=\"wp-block-heading\"><span style=\"color: #ff0000; font-size: 14pt;\"><strong style=\"text-indent: 0em;\">2018<\/strong><\/span><\/h4>\n\n\n\n<p><span style=\"font-size: 12pt;\"><strong>Tarife Norme Contract Cadru<\/strong><\/span><\/p>\n\n\n\n<figure class=\"wp-block-table\"><table><thead><tr><td><span style=\"font-size: 12pt;\">N<\/span>r. crt.<\/td><td>&nbsp; &nbsp;Tip furnizor<\/td><td>&nbsp; &nbsp;Fi\u0219iere<\/td><\/tr><\/thead><tbody><tr><td>1<\/td><td>&nbsp; &nbsp;Spital<\/td><td><a href=\"http:\/\/www.cnas.ro\/casnt\/media\/files\/4126%20-%20CAS_afisare%20pachet%20de%20servicii_2018%20-%20spitale.pdf\">&nbsp; &nbsp;PDF<\/a><\/td><\/tr><tr><td>2<\/td><td>&nbsp; &nbsp;Recuperare<\/td><td><a href=\"http:\/\/www.cnas.ro\/casnt\/media\/files\/4126%20-%20CAS_afisare%20pachet%20de%20servicii_2018%20-%20recuperare.pdf\">&nbsp; &nbsp;PDF<\/a><\/td><\/tr><tr><td>3<\/td><td>&nbsp; &nbsp;Clinice<\/td><td><a href=\"http:\/\/www.cnas.ro\/casnt\/media\/files\/4126%20-%20CAS_afisare%20pachet%20de%20servicii_2018%20-%20clinice.pdf\">&nbsp; &nbsp;PDF<\/a><\/td><\/tr><\/tbody><\/table><\/figure>\n\n\n\n<p><span style=\"font-size: 12pt; color: #3366ff;\"><strong>Tarife servicii medicale <\/strong><em>Spitalul Or\u0103\u0219enesc \u201eSf. Ierarh Nicolae\u201d Bicaz<\/em><\/span><\/p>\n\n\n\n<p>&#8211; <a href=\"http:\/\/spitalbicaz.ro\/wp-content\/uploads\/2018\/05\/Tarife-ambulatoriu-1-2018.pdf\">Servicii cu plata ambulator<\/a><\/p>\n\n\n\n<p>&#8211; <a href=\"http:\/\/spitalbicaz.ro\/wp-content\/uploads\/2018\/05\/caz-med-spitaliz-zi_2018.pdf\">Servicii spitalizare de zi &#8211; caz medical<\/a><\/p>\n\n\n\n<p>&#8211; <a href=\"http:\/\/spitalbicaz.ro\/wp-content\/uploads\/2018\/05\/caz-ch-spitalizare-zi.pdf\">Servicii spitalizare de zi &#8211; caz chirurgical<\/a><\/p>\n\n\n\n<p>&#8211; <a href=\"http:\/\/spitalbicaz.ro\/wp-content\/uploads\/2018\/05\/spitalizare-zi_2018.pdf\">Servicii spitalizare de zi<\/a><\/p>\n\n\n\n<p>&#8211; <a href=\"http:\/\/spitalbicaz.ro\/wp-content\/uploads\/2018\/05\/spitalizare-cont_2018.pdf\">Spitalizare continua<\/a><\/p>\n\n\n\n<p>&#8211; <a href=\"http:\/\/spitalbicaz.ro\/wp-content\/uploads\/2018\/05\/Tarife-ambulatoriu-1-2018.pdf\">Alte servicii cu plata<\/a><\/p>\n\n\n\n<hr class=\"wp-block-separator\"\/>\n\n\n\n<hr class=\"wp-block-separator\"\/>\n\n\n\n<h4 class=\"wp-block-heading\">&#8211;&#8211;&#8211;&#8211;&#8211;&#8211;&#8211;&#8211;&#8211;&#8211;&#8211;&#8211;&#8211;&#8211;&#8211;&#8211;&#8211;&#8211;&#8211;&#8211;&#8211;&#8211;&#8211;&#8211;&#8211;-<\/h4>\n\n\n\n<h4 class=\"wp-block-heading\"><span style=\"font-size: 14pt;\"><strong><span style=\"color: #ff0000;\">2017<\/span><\/strong><\/span><\/h4>\n\n\n\n<p><strong>Tarife Norme Contract Cadru<\/strong><\/p>\n\n\n\n<p><span style=\"font-size: 12pt; color: #3366ff;\"><strong>Tarife servicii medicale <\/strong><em>Spitalul Or\u0103\u0219enesc \u201eSf. Ierarh Nicolae\u201d Bicaz<\/em><\/span><\/p>\n\n\n\n<p><a href=\"http:\/\/spitalbicaz.ro\/wp-content\/uploads\/2016\/04\/Servicii-cu-plata-ambulator.pdf\">&#8211; Servicii cu plata ambulator<\/a><\/p>\n\n\n\n<p><a href=\"http:\/\/spitalbicaz.ro\/wp-content\/uploads\/2016\/04\/Servicii-spitalizare-de-zi-caz-medical.pdf\">&#8211; Servicii spitalizare de zi &#8211; caz medical<\/a><\/p>\n\n\n\n<p><a href=\"http:\/\/spitalbicaz.ro\/wp-content\/uploads\/2016\/04\/Servicii-spitalizare-de-zi-caz-chirurgical.pdf\">&#8211; Servicii spitalizare de zi &#8211; caz chirurgical<\/a><\/p>\n\n\n\n<p><a href=\"http:\/\/spitalbicaz.ro\/wp-content\/uploads\/2016\/04\/Servicii-spitalizare-de-zi.pdf\">&#8211; Servicii spitalizare de zi<\/a><\/p>\n\n\n\n<p><a href=\"http:\/\/spitalbicaz.ro\/wp-content\/uploads\/2016\/04\/Alte-servicii-cu-plata.pdf\">&#8211; Alte servicii cu plata<\/a><\/p>\n","protected":false},"excerpt":{"rendered":"<p>Informa\u021bii privind pachetele de servicii medicale \u0219i tarifele corespunz\u0103toare serviciilor medicale contractate informa\u021biile privind pachetele de servicii medicale \u0219i tarifele corespunz\u0103toare sunt afi\u0219ate de furnizori \u00een formatul stabilit de Casa Na\u021bional\u0103 de Asigur\u0103ri de S\u0103n\u0103tate \u0219i pus la dispozi\u021bie furnizorilor de Casa de Asigur\u0103ri de S\u0103n\u0103tate Neam\u021b.Informa\u021biile sunt afi\u0219ate \u0219i pe suport de h\u00e2rtie la [&hellip;]<\/p>\n","protected":false},"author":1,"featured_media":0,"parent":2441,"menu_order":0,"comment_status":"closed","ping_status":"closed","template":"","meta":{"_et_pb_use_builder":"","_et_pb_old_content":"","_et_gb_content_width":"","_lmt_disableupdate":"no","_lmt_disable":""},"_links":{"self":[{"href":"https:\/\/www.spitalbicaz.ro\/index.php?rest_route=\/wp\/v2\/pages\/2492"}],"collection":[{"href":"https:\/\/www.spitalbicaz.ro\/index.php?rest_route=\/wp\/v2\/pages"}],"about":[{"href":"https:\/\/www.spitalbicaz.ro\/index.php?rest_route=\/wp\/v2\/types\/page"}],"author":[{"embeddable":true,"href":"https:\/\/www.spitalbicaz.ro\/index.php?rest_route=\/wp\/v2\/users\/1"}],"replies":[{"embeddable":true,"href":"https:\/\/www.spitalbicaz.ro\/index.php?rest_route=%2Fwp%2Fv2%2Fcomments&post=2492"}],"version-history":[{"count":46,"href":"https:\/\/www.spitalbicaz.ro\/index.php?rest_route=\/wp\/v2\/pages\/2492\/revisions"}],"predecessor-version":[{"id":8457,"href":"https:\/\/www.spitalbicaz.ro\/index.php?rest_route=\/wp\/v2\/pages\/2492\/revisions\/8457"}],"up":[{"embeddable":true,"href":"https:\/\/www.spitalbicaz.ro\/index.php?rest_route=\/wp\/v2\/pages\/2441"}],"wp:attachment":[{"href":"https:\/\/www.spitalbicaz.ro\/index.php?rest_route=%2Fwp%2Fv2%2Fmedia&parent=2492"}],"curies":[{"name":"wp","href":"https:\/\/api.w.org\/{rel}","templated":true}]}}