{"id":1395,"date":"2016-10-09T14:16:45","date_gmt":"2016-10-09T11:16:45","guid":{"rendered":"http:\/\/spitalbicaz.ro\/?page_id=1395"},"modified":"2023-01-21T21:05:23","modified_gmt":"2023-01-21T19:05:23","slug":"program-vizita","status":"publish","type":"page","link":"https:\/\/www.spitalbicaz.ro\/?page_id=1395","title":{"rendered":"Program vizit\u0103"},"content":{"rendered":"<p><span style=\"color: #000000;\">Ca urmare a public\u0103rii \u00een Monitorul Oficial nr.15\/05.01.2023 a instruc\u021biunilor privind instituirea st\u0103rii de alert\u0103 epidemiologic\u0103 determinat\u0103 de grip\u0103, \u00een vederea prevenirii \u0219i limit\u0103rii \u00eemboln\u0103virilor prin grip\u0103 \u0219i alte infec\u021bii virale respiratorii, la nivelul <strong>Spitalului Or\u0103\u0219enesc \u201dSf. Ierarh Nicolae\u201d Bicaz<\/strong> se aplic\u0103 prevederile OMS nr.3670\/2022 privind stabilirea programului de vizite al apar\u021bin\u0103torilor pacien\u021bilor interna\u021bi.<\/span><\/p>\n<h2 style=\"text-align: center;\"><span style=\"color: #ff0000;\"><strong>PROGRAM VIZITATORI<br \/>\n<\/strong><strong>\u00een toate compartimentele spitalului<\/strong><\/span><\/h2>\n<h3 style=\"text-align: center;\"><span style=\"color: #ff0000;\">\u00a0<span style=\"color: #000000;\">LUNI \u2013 VINERI:<\/span><\/span><\/h3>\n<h3 style=\"text-align: center;\"><span style=\"color: #ff0000;\">10:00 \u2013 12:00\u00a0 \u00a0 \u0219i\u00a0 \u00a017:00 \u2013 19:00<\/span><\/h3>\n<h3 style=\"text-align: center;\"><span style=\"color: #000000;\">S\u00c2MB\u0102T\u0102 \u2013DUMINIC\u0102:<\/span><\/h3>\n<h3 style=\"text-align: center;\"><span style=\"color: #ff0000;\">10:00 \u2013 13:00\u00a0 \u00a0\u0219i\u00a0 \u00a016:00 \u2013 19:00<\/span><\/h3>\n<hr \/>\n<hr \/>\n<h5>Programul de vizit\u0103\u00a0al apar\u021bin\u0103torilor pacien\u021bilor interna\u021bi<br \/>\n\u00een Spitalul Or\u0103\u0219enesc Bicaz se realizeaz\u0103:<\/h5>\n<ul>\n<li>\u00een zilele de \u00a0\u00a0<strong>Luni<\/strong><strong>\u00a0\u00a0<\/strong>p\u00e2n\u0103<strong> \u00a0<\/strong><strong>Vineri<\/strong>\u00a0 \u00a0 \u00a0 \u00a0\u00eentre orele \u00a0\u00a0\u00a0 <strong>15<sup>00<\/sup>-20<sup>00<\/sup><\/strong><\/li>\n<li>\u00een zilele de \u00a0<strong>S\u00e2mb\u0103t\u0103<\/strong> \u015fi <strong>Duminic\u0103\u00a0 <\/strong>\u00eentre orele \u00a0 <strong>10<sup>00<\/sup>-20<sup>00<\/sup><\/strong><\/li>\n<\/ul>\n<p>(2) Num\u0103rul de vizitatori pentru un pacient internat \u00eentr-un salon cu mai mult de <strong>3 paturi<\/strong> <strong><em>nu poate<\/em><\/strong> fi mai mare de <strong>3 persoane<\/strong> \u015fi pot fi vizita\u0163i <strong><em>maximum<\/em><\/strong> <strong>2 pacien\u0163i<\/strong> \u00een acela\u015fi timp.<\/p>\n<p>(3) \u00cen situa\u0163ia prev\u0103zut\u0103 la alin. (2), pentru a da posibilitatea vizitei \u015fi pentru ceilal\u0163i pacien\u0163i, dac\u0103 exist\u0103 solicit\u0103ri \u00een acest sens, <strong>durata vizitei va fi limitat\u0103 la 60 de minute<\/strong>.<\/p>\n<p>Prin excep\u021bie de la prevederile art. 1, \u00een cazul pacien\u0163ilor \u00een stare critic\u0103 sau terminal\u0103, indiferent de sec\u0163ia\/compartimentul \u00een care ace\u015ftia sunt interna\u0163i, familia are dreptul de a vizita pacientul zilnic, indiferent de or\u0103, sau poate solicita prezen\u0163a permanent\u0103 l\u00e2ng\u0103 pacient a unui singur membru de familie, cu acordul medicului curant, dac\u0103 condi\u0163iile din sec\u0163ia\/compartimentul respectiv\u0103\/respectiv permit acest lucru.<\/p>\n<p>\u00cen cazul copiilor p\u00e2n\u0103 la <strong>14 ani<\/strong> interna\u021bi \u00een oricare dintre sec\u0163iile\/compartimentele din spital se accept\u0103 prezen\u021ba unui apar\u021bin\u0103tor permanent, dac\u0103 se solicit\u0103 acest lucru.<\/p>\n<p>(3) \u00cen cazul copiilor cu v\u00e2rsta cuprins\u0103 \u00eentre <strong>14 \u015fi 18 ani<\/strong> interna\u021bi \u00een oricare dintre sec\u0163iile\/compartimentele din spital se poate accepta prezen\u021ba unui apar\u0163in\u0103tor permanent, cu acordul \u015fefului de sec\u0163ie\/coordonatorului de compartiment.<\/p>\n<p><em><span style=\"color: #339966;\">Extras din <strong>Ordinul Ministrului S\u0103n\u0103t\u0103\u021bii nr. 1.284 din 17 decembrie 2012<\/strong> privind reglementarea programului de vizite al apar\u0163in\u0103torilor pacien\u0163ilor interna\u0163i \u00een unit\u0103\u0163ile sanitare publice<\/span><\/em><\/p>\n","protected":false},"excerpt":{"rendered":"<p>Ca urmare a public\u0103rii \u00een Monitorul Oficial nr.15\/05.01.2023 a instruc\u021biunilor privind instituirea st\u0103rii de alert\u0103 epidemiologic\u0103 determinat\u0103 de grip\u0103, \u00een vederea prevenirii \u0219i limit\u0103rii \u00eemboln\u0103virilor prin grip\u0103 \u0219i alte infec\u021bii virale respiratorii, la nivelul Spitalului Or\u0103\u0219enesc \u201dSf. Ierarh Nicolae\u201d Bicaz se aplic\u0103 prevederile OMS nr.3670\/2022 privind stabilirea programului de vizite al apar\u021bin\u0103torilor pacien\u021bilor interna\u021bi. PROGRAM [&hellip;]<\/p>\n","protected":false},"author":1,"featured_media":0,"parent":2441,"menu_order":0,"comment_status":"closed","ping_status":"closed","template":"","meta":{"_et_pb_use_builder":"","_et_pb_old_content":"","_et_gb_content_width":"","_lmt_disableupdate":"","_lmt_disable":""},"_links":{"self":[{"href":"https:\/\/www.spitalbicaz.ro\/index.php?rest_route=\/wp\/v2\/pages\/1395"}],"collection":[{"href":"https:\/\/www.spitalbicaz.ro\/index.php?rest_route=\/wp\/v2\/pages"}],"about":[{"href":"https:\/\/www.spitalbicaz.ro\/index.php?rest_route=\/wp\/v2\/types\/page"}],"author":[{"embeddable":true,"href":"https:\/\/www.spitalbicaz.ro\/index.php?rest_route=\/wp\/v2\/users\/1"}],"replies":[{"embeddable":true,"href":"https:\/\/www.spitalbicaz.ro\/index.php?rest_route=%2Fwp%2Fv2%2Fcomments&post=1395"}],"version-history":[{"count":4,"href":"https:\/\/www.spitalbicaz.ro\/index.php?rest_route=\/wp\/v2\/pages\/1395\/revisions"}],"predecessor-version":[{"id":7986,"href":"https:\/\/www.spitalbicaz.ro\/index.php?rest_route=\/wp\/v2\/pages\/1395\/revisions\/7986"}],"up":[{"embeddable":true,"href":"https:\/\/www.spitalbicaz.ro\/index.php?rest_route=\/wp\/v2\/pages\/2441"}],"wp:attachment":[{"href":"https:\/\/www.spitalbicaz.ro\/index.php?rest_route=%2Fwp%2Fv2%2Fmedia&parent=1395"}],"curies":[{"name":"wp","href":"https:\/\/api.w.org\/{rel}","templated":true}]}}